{"id":2334,"date":"2025-07-28T10:41:21","date_gmt":"2025-07-28T08:41:21","guid":{"rendered":"https:\/\/acomputing.eu\/finantside-juhtimine\/"},"modified":"2025-07-30T23:36:41","modified_gmt":"2025-07-30T21:36:41","slug":"financial-management","status":"publish","type":"page","link":"https:\/\/acomputing.eu\/en\/financial-management\/","title":{"rendered":"Financial management"},"content":{"rendered":"<div data-colibri-id=\"2334-c1\" class=\"style-2103 style-local-2334-c1 position-relative\">\n  <!---->\n  <div data-colibri-component=\"section\" data-colibri-id=\"2334-c2\" id=\"reusable-sections-3\" class=\"h-section h-section-global-spacing d-flex align-items-lg-center align-items-md-center align-items-center style-2104 style-local-2334-c2 position-relative\">\n    <!---->\n    <!---->\n    <div class=\"h-section-grid-container h-section-boxed-container\">\n      <!---->\n      <div data-colibri-id=\"2334-c3\" class=\"h-row-container gutters-row-lg-2 gutters-row-md-2 gutters-row-0 gutters-row-v-lg-2 gutters-row-v-md-2 gutters-row-v-2 style-2105 style-local-2334-c3 position-relative\">\n        <!---->\n        <div class=\"h-row justify-content-lg-center justify-content-md-center justify-content-center align-items-lg-stretch align-items-md-stretch align-items-stretch gutters-col-lg-2 gutters-col-md-2 gutters-col-0 gutters-col-v-lg-2 gutters-col-v-md-2 gutters-col-v-2\">\n          <!---->\n          <div class=\"h-column h-column-container d-flex h-col-lg-6 h-col-md-6 h-col-12 style-2106-outer style-local-2334-c4-outer\">\n            <div data-colibri-id=\"2334-c4\" class=\"d-flex h-flex-basis h-column__inner h-px-lg-2 h-px-md-2 h-px-2 v-inner-lg-2 v-inner-md-2 v-inner-2 style-2106 style-local-2334-c4 position-relative\">\n              <!---->\n              <!---->\n              <div class=\"w-100 h-y-container h-column__content h-column__v-align flex-basis-100 align-self-lg-start align-self-md-start align-self-start\">\n                <!---->\n                <div data-colibri-id=\"2334-c5\" class=\"h-global-transition-all h-heading style-2107 style-local-2334-c5 position-relative h-element\">\n                  <!---->\n                  <div class=\"h-heading__outer style-2107 style-local-2334-c5\">\n                    <!---->\n                    <!---->\n                    <h3 class=\"\">Financial management<\/h3>\n                  <\/div>\n                <\/div>\n              <\/div>\n            <\/div>\n          <\/div>\n        <\/div>\n      <\/div>\n      <div data-colibri-id=\"2334-c6\" class=\"h-row-container gutters-row-lg-2 gutters-row-md-2 gutters-row-2 gutters-row-v-lg-2 gutters-row-v-md-2 gutters-row-v-2 style-2108 style-local-2334-c6 position-relative\">\n        <!---->\n        <div class=\"h-row justify-content-lg-center justify-content-md-center justify-content-center align-items-lg-stretch align-items-md-stretch align-items-stretch gutters-col-lg-2 gutters-col-md-2 gutters-col-2 gutters-col-v-lg-2 gutters-col-v-md-2 gutters-col-v-2\">\n          <!---->\n          <div class=\"h-column h-column-container d-flex h-col-lg-6 h-col-md-6 h-col-12 style-2109-outer style-local-2334-c7-outer\">\n            <div data-colibri-id=\"2334-c7\" class=\"d-flex h-flex-basis h-column__inner h-px-lg-2 h-px-md-2 h-px-2 v-inner-lg-2 v-inner-md-2 v-inner-2 style-2109 style-local-2334-c7 position-relative\">\n              <!---->\n              <!---->\n              <div class=\"w-100 h-y-container h-column__content h-column__v-align flex-basis-100 align-self-lg-start align-self-md-start align-self-start\">\n                <!---->\n                <div data-colibri-id=\"2334-c8\" class=\"h-lead h-text h-text-component style-2110 style-local-2334-c8 position-relative h-element\">\n                  <!---->\n                  <!---->\n                  <div class=\"\">\n                    <p>In case of dynamic enterprise growth, it is necessary to ensure financing for the growing obligations. Without proper financial management, it is very easy to end up in a situation where the debt burden grows uncontrollably, which\n                      can quickly lead to bankruptcy.<\/p>\n                    <p>Because of this, upon sustainable development of a company, competent financial management plays the key role. However, for a developing company, keeping a financial director with the required level of competence on staff is an unbearable\n                      burden.<\/p>\n                  <\/div>\n                <\/div>\n              <\/div>\n            <\/div>\n          <\/div>\n          <div class=\"h-column h-column-container d-flex h-col-lg-6 h-col-md-6 h-col-12 style-2109-outer style-local-2334-c9-outer\">\n            <div data-colibri-id=\"2334-c9\" class=\"d-flex h-flex-basis h-column__inner h-px-lg-2 h-px-md-2 h-px-2 v-inner-lg-2 v-inner-md-2 v-inner-2 style-2109 style-local-2334-c9 position-relative\">\n              <!---->\n              <!---->\n              <div class=\"w-100 h-y-container h-column__content h-column__v-align flex-basis-100 align-self-lg-start align-self-md-start align-self-start\">\n                <!---->\n                <div data-colibri-id=\"2334-c10\" class=\"h-lead h-text h-text-component style-2110 style-local-2334-c10 position-relative h-element\">\n                  <!---->\n                  <!---->\n                  <div class=\"\">\n                    <p>Financial management by Acomputing will ensure the required competence and the volume meeting your needs, including:<\/p>\n                  <\/div>\n                <\/div>\n                <div data-colibri-id=\"2334-c11\" class=\"icon-list d-flex justify-content-lg-start justify-content-md-start justify-content-start style-2111 style-local-2334-c11 position-relative h-element\">\n                  <!---->\n                  <ul class=\"ul-list-icon vertical-on-desktop vertical-on-tablet vertical-on-mobile justify-content-lg-start justify-content-md-start justify-content-start\">\n                    <!---->\n                    <li class=\"list-item no-gutters\">\n                      <!---->\n                      <div class=\"list-container-divider d-flex justify-content-lg-start justify-content-md-start justify-content-start first-el-spacer\"><\/div> <span class=\"item-link no-gutters\"><div class=\"d-flex h-col no-gutters align-items-lg-center align-items-md-center align-items-center list-item-text-wrapper\"><div class=\"d-flex\"><span  class=\"h-svg-icon style-2111-icon style-local-2334-c11-icon\"><!--Icon by Font Awesome (https:\/\/fontawesome.com)--><svg version=\"1.1\" xmlns=\"http:\/\/www.w3.org\/2000\/svg\" xmlns:xlink=\"http:\/\/www.w3.org\/1999\/xlink\" id=\"check\" viewBox=\"0 0 1792 1896.0833\"><path d=\"M1671 566q0 40-28 68l-724 724-136 136q-28 28-68 28t-68-28l-136-136-362-362q-28-28-28-68t28-68l136-136q28-28 68-28t68 28l294 295 656-657q28-28 68-28t68 28l136 136q28 28 28 68z\"><\/path><\/svg><\/span><\/div>\n                <span class=\"list-text d-block\"><span>Budgeting and supervision of budget implementation<br><\/span><\/span>\n              <\/div>\n              <\/span>\n              <div class=\"list-container-divider d-flex justify-content-lg-start justify-content-md-start justify-content-start\">\n                <!---->\n              <\/div>\n              <\/li>\n              <li class=\"list-item no-gutters\">\n                <!---->\n                <!----><span class=\"item-link no-gutters\"><div class=\"d-flex h-col no-gutters align-items-lg-center align-items-md-center align-items-center list-item-text-wrapper\"><div class=\"d-flex\"><span  class=\"h-svg-icon style-2111-icon style-local-2334-c11-icon\"><!--Icon by Font Awesome (https:\/\/fontawesome.com)--><svg version=\"1.1\" xmlns=\"http:\/\/www.w3.org\/2000\/svg\" xmlns:xlink=\"http:\/\/www.w3.org\/1999\/xlink\" id=\"check\" viewBox=\"0 0 1792 1896.0833\"><path d=\"M1671 566q0 40-28 68l-724 724-136 136q-28 28-68 28t-68-28l-136-136-362-362q-28-28-28-68t28-68l136-136q28-28 68-28t68 28l294 295 656-657q28-28 68-28t68 28l136 136q28 28 28 68z\"><\/path><\/svg><\/span><\/div>\n            <span class=\"list-text d-block\"><span>Preparation and control of financial forecast<br><\/span><\/span>\n          <\/div>\n          <\/span>\n          <div class=\"list-container-divider d-flex justify-content-lg-start justify-content-md-start justify-content-start\">\n            <!---->\n          <\/div>\n          <\/li>\n          <li class=\"list-item no-gutters\">\n            <!---->\n            <!----><span class=\"item-link no-gutters\"><div class=\"d-flex h-col no-gutters align-items-lg-center align-items-md-center align-items-center list-item-text-wrapper\"><div class=\"d-flex\"><span  class=\"h-svg-icon style-2111-icon style-local-2334-c11-icon\"><!--Icon by Font Awesome (https:\/\/fontawesome.com)--><svg version=\"1.1\" xmlns=\"http:\/\/www.w3.org\/2000\/svg\" xmlns:xlink=\"http:\/\/www.w3.org\/1999\/xlink\" id=\"check\" viewBox=\"0 0 1792 1896.0833\"><path d=\"M1671 566q0 40-28 68l-724 724-136 136q-28 28-68 28t-68-28l-136-136-362-362q-28-28-28-68t28-68l136-136q28-28 68-28t68 28l294 295 656-657q28-28 68-28t68 28l136 136q28 28 28 68z\"><\/path><\/svg><\/span><\/div>\n        <span class=\"list-text d-block\"><span>Review of customer portfolio and analysis of their creditworthiness<br><\/span><\/span>\n      <\/div>\n      <\/span>\n      <div class=\"list-container-divider d-flex justify-content-lg-start justify-content-md-start justify-content-start\">\n        <!---->\n      <\/div>\n      <\/li>\n      <li class=\"list-item no-gutters\">\n        <!---->\n        <!----><span class=\"item-link no-gutters\"><div class=\"d-flex h-col no-gutters align-items-lg-center align-items-md-center align-items-center list-item-text-wrapper\"><div class=\"d-flex\"><span  class=\"h-svg-icon style-2111-icon style-local-2334-c11-icon\"><!--Icon by Font Awesome (https:\/\/fontawesome.com)--><svg version=\"1.1\" xmlns=\"http:\/\/www.w3.org\/2000\/svg\" xmlns:xlink=\"http:\/\/www.w3.org\/1999\/xlink\" id=\"check\" viewBox=\"0 0 1792 1896.0833\"><path d=\"M1671 566q0 40-28 68l-724 724-136 136q-28 28-68 28t-68-28l-136-136-362-362q-28-28-28-68t28-68l136-136q28-28 68-28t68 28l294 295 656-657q28-28 68-28t68 28l136 136q28 28 28 68z\"><\/path><\/svg><\/span><\/div>\n    <span class=\"list-text d-block\"><span>Analysis of the profitability of products, services, and projects<br><\/span><\/span>\n  <\/div>\n  <\/span>\n  <div class=\"list-container-divider d-flex justify-content-lg-start justify-content-md-start justify-content-start\">\n    <!---->\n  <\/div>\n  <\/li>\n  <li class=\"list-item no-gutters\">\n    <!---->\n    <!----><span class=\"item-link no-gutters\"><div class=\"d-flex h-col no-gutters align-items-lg-center align-items-md-center align-items-center list-item-text-wrapper\"><div class=\"d-flex\"><span  class=\"h-svg-icon style-2111-icon style-local-2334-c11-icon\"><!--Icon by Font Awesome (https:\/\/fontawesome.com)--><svg version=\"1.1\" xmlns=\"http:\/\/www.w3.org\/2000\/svg\" xmlns:xlink=\"http:\/\/www.w3.org\/1999\/xlink\" id=\"check\" viewBox=\"0 0 1792 1896.0833\"><path d=\"M1671 566q0 40-28 68l-724 724-136 136q-28 28-68 28t-68-28l-136-136-362-362q-28-28-28-68t28-68l136-136q28-28 68-28t68 28l294 295 656-657q28-28 68-28t68 28l136 136q28 28 28 68z\"><\/path><\/svg><\/span><\/div>\n<span class=\"list-text d-block\"><span>Property supervision and optimisation. <\/span><\/span>\n<\/div>\n<\/span>\n<div class=\"list-container-divider d-flex justify-content-lg-start justify-content-md-start justify-content-start\" style=\"display: none;\">\n  <!---->\n<\/div>\n<div class=\"list-container-divider d-flex justify-content-lg-start justify-content-md-start justify-content-start last-el-spacer\"><\/div>\n<\/li>\n<\/ul>\n<\/div>\n<\/div>\n<\/div>\n<\/div>\n<\/div>\n<\/div>\n<\/div>\n<\/div>\n<div data-colibri-component=\"section\" data-colibri-id=\"2334-c28\" id=\"reusable-sections-5\" class=\"h-section h-section-global-spacing d-flex align-items-lg-center align-items-md-center align-items-center style-2123 style-local-2334-c28 position-relative\">\n  <div class=\"background-wrapper\">\n    <div class=\"background-layer background-layer-media-container-lg\">\n      <!---->\n      <div class=\"overlay-layer\">\n        <div class=\"overlay-image-layer\" style=\"background-color: rgb(255, 255, 255); opacity: 0.5;\"><\/div>\n      <\/div>\n    <\/div>\n    <div class=\"background-layer background-layer-media-container-md\">\n      <!---->\n      <div class=\"overlay-layer\">\n        <div class=\"overlay-image-layer\" style=\"background-color: rgb(255, 255, 255); opacity: 0.5;\"><\/div>\n      <\/div>\n    <\/div>\n    <div class=\"background-layer background-layer-media-container\">\n      <!---->\n      <div class=\"overlay-layer\">\n        <div class=\"overlay-image-layer\" style=\"background-color: rgb(255, 255, 255); opacity: 0.5;\"><\/div>\n      <\/div>\n    <\/div>\n  <\/div>\n  <!---->\n  <div class=\"h-section-grid-container h-section-boxed-container\">\n    <!---->\n    <div data-colibri-id=\"2334-c29\" class=\"h-row-container gutters-row-lg-2 gutters-row-md-2 gutters-row-0 gutters-row-v-lg-2 gutters-row-v-md-2 gutters-row-v-2 style-2124 style-local-2334-c29 position-relative\">\n      <!---->\n      <div class=\"h-row justify-content-lg-center justify-content-md-center justify-content-center align-items-lg-stretch align-items-md-stretch align-items-stretch gutters-col-lg-2 gutters-col-md-2 gutters-col-0 gutters-col-v-lg-2 gutters-col-v-md-2 gutters-col-v-2\">\n        <!---->\n        <div class=\"h-column h-column-container d-flex h-col-lg-auto h-col-md-auto h-col-auto style-2125-outer style-local-2334-c30-outer\">\n          <div data-colibri-id=\"2334-c30\" class=\"d-flex h-flex-basis h-column__inner h-px-lg-3 h-px-md-3 h-px-3 v-inner-lg-3 v-inner-md-3 v-inner-3 style-2125 style-local-2334-c30 position-relative\">\n            <!---->\n            <!---->\n            <div class=\"w-100 h-y-container h-column__content h-column__v-align flex-basis-100 align-self-lg-start align-self-md-start align-self-start\">\n              <!---->\n              <div data-colibri-id=\"2334-c31\" class=\"h-global-transition-all h-heading style-2126 style-local-2334-c31 position-relative h-element\">\n                <!---->\n                <div class=\"h-heading__outer style-2126 style-local-2334-c31\">\n                  <!---->\n                  <!---->\n                  <h2 class=\"\">Ask us a professional advice for free!<\/h2>\n                <\/div>\n              <\/div>\n              <div data-colibri-id=\"2334-c32\" class=\"h-x-container style-2127 style-local-2334-c32 position-relative h-element\">\n                <!---->\n                <div class=\"h-x-container-inner style-dynamic-2334-c32-group style-2127-spacing style-local-2334-c32-spacing\"><span class=\"h-button__outer style-2128-outer style-local-2334-c33-outer d-inline-flex h-element\"><a h-use-smooth-scroll=\"true\" href=\"https:\/\/acomputing.eu\/en\/contact\/\"  data-colibri-id=\"2334-c33\" class=\"d-flex w-100 align-items-center h-button justify-content-lg-center justify-content-md-center justify-content-center style-2128 style-local-2334-c33 position-relative\"><!----><!----> <span>Send email<\/span><\/a>\n                  <\/span>\n                <\/div>\n              <\/div>\n            <\/div>\n          <\/div>\n        <\/div>\n      <\/div>\n    <\/div>\n  <\/div>\n<\/div>\n<\/div>","protected":false},"excerpt":{"rendered":"<p>Financial management In case of dynamic enterprise growth, it is necessary to ensure financing for the growing obligations. Without proper financial management, it is very easy to end up in a situation where the debt burden grows uncontrollably, which can quickly lead to bankruptcy. Because of this, upon sustainable development of a company, competent financial [&hellip;]<\/p>\n","protected":false},"author":3,"featured_media":0,"parent":0,"menu_order":0,"comment_status":"closed","ping_status":"closed","template":"page-templates\/full-width-page.php","meta":{"_monsterinsights_skip_tracking":false,"_monsterinsights_sitenote_active":false,"_monsterinsights_sitenote_note":"","_monsterinsights_sitenote_category":0,"footnotes":""},"class_list":["post-2334","page","type-page","status-publish","hentry"],"yoast_head":"<!-- This site is optimized with the Yoast SEO plugin v25.5 - https:\/\/yoast.com\/wordpress\/plugins\/seo\/ -->\n<title>Financial management &#8211; Acomputing raamatupidamine<\/title>\n<meta name=\"description\" content=\"Aitame teil koostada arusaadavaid aruandeid ning teostada t\u00f5husaid strateegilisi juhtimisotsuseid. Tuvastame teie ettev\u00f5tte kitsaskohad ja k\u00f5rvaldame need.\" \/>\n<meta name=\"robots\" content=\"index, follow, max-snippet:-1, max-image-preview:large, max-video-preview:-1\" \/>\n<link rel=\"canonical\" href=\"https:\/\/acomputing.eu\/en\/financial-management\/\" \/>\n<meta property=\"og:locale\" content=\"en_US\" \/>\n<meta property=\"og:type\" content=\"article\" \/>\n<meta property=\"og:title\" content=\"Financial management &#8211; Acomputing raamatupidamine\" \/>\n<meta property=\"og:description\" content=\"Aitame teil koostada arusaadavaid aruandeid ning teostada t\u00f5husaid strateegilisi juhtimisotsuseid. Tuvastame teie ettev\u00f5tte kitsaskohad ja k\u00f5rvaldame need.\" \/>\n<meta property=\"og:url\" content=\"https:\/\/acomputing.eu\/en\/financial-management\/\" \/>\n<meta property=\"og:site_name\" content=\"Acomputing raamatupidamine\" \/>\n<meta property=\"article:modified_time\" content=\"2025-07-30T21:36:41+00:00\" \/>\n<meta name=\"twitter:card\" content=\"summary_large_image\" \/>\n<meta name=\"twitter:label1\" content=\"Est. reading time\" \/>\n\t<meta name=\"twitter:data1\" content=\"1 minute\" \/>\n<script type=\"application\/ld+json\" class=\"yoast-schema-graph\">{\"@context\":\"https:\/\/schema.org\",\"@graph\":[{\"@type\":\"WebPage\",\"@id\":\"https:\/\/acomputing.eu\/en\/financial-management\/\",\"url\":\"https:\/\/acomputing.eu\/en\/financial-management\/\",\"name\":\"Financial management &#8211; Acomputing raamatupidamine\",\"isPartOf\":{\"@id\":\"https:\/\/acomputing.eu\/en\/#website\"},\"datePublished\":\"2025-07-28T08:41:21+00:00\",\"dateModified\":\"2025-07-30T21:36:41+00:00\",\"description\":\"Aitame teil koostada arusaadavaid aruandeid ning teostada t\u00f5husaid strateegilisi juhtimisotsuseid. Tuvastame teie ettev\u00f5tte kitsaskohad ja k\u00f5rvaldame need.\",\"breadcrumb\":{\"@id\":\"https:\/\/acomputing.eu\/en\/financial-management\/#breadcrumb\"},\"inLanguage\":\"en-US\",\"potentialAction\":[{\"@type\":\"ReadAction\",\"target\":[\"https:\/\/acomputing.eu\/en\/financial-management\/\"]}]},{\"@type\":\"BreadcrumbList\",\"@id\":\"https:\/\/acomputing.eu\/en\/financial-management\/#breadcrumb\",\"itemListElement\":[{\"@type\":\"ListItem\",\"position\":1,\"name\":\"Home\",\"item\":\"https:\/\/acomputing.eu\/en\/\"},{\"@type\":\"ListItem\",\"position\":2,\"name\":\"Financial management\"}]},{\"@type\":\"WebSite\",\"@id\":\"https:\/\/acomputing.eu\/en\/#website\",\"url\":\"https:\/\/acomputing.eu\/en\/\",\"name\":\"Acomputing raamatupidamine\",\"description\":\"Raamatupidamine, palgaarvestus, &auml;rianal&uuml;&uuml;tika\",\"publisher\":{\"@id\":\"https:\/\/acomputing.eu\/en\/#organization\"},\"potentialAction\":[{\"@type\":\"SearchAction\",\"target\":{\"@type\":\"EntryPoint\",\"urlTemplate\":\"https:\/\/acomputing.eu\/en\/?s={search_term_string}\"},\"query-input\":{\"@type\":\"PropertyValueSpecification\",\"valueRequired\":true,\"valueName\":\"search_term_string\"}}],\"inLanguage\":\"en-US\"},{\"@type\":\"Organization\",\"@id\":\"https:\/\/acomputing.eu\/en\/#organization\",\"name\":\"Acomputing\",\"url\":\"https:\/\/acomputing.eu\/en\/\",\"logo\":{\"@type\":\"ImageObject\",\"inLanguage\":\"en-US\",\"@id\":\"https:\/\/acomputing.eu\/en\/#\/schema\/logo\/image\/\",\"url\":\"https:\/\/acomputing.eu\/wp-content\/uploads\/2020\/03\/cropped-logo3.png\",\"contentUrl\":\"https:\/\/acomputing.eu\/wp-content\/uploads\/2020\/03\/cropped-logo3.png\",\"width\":663,\"height\":345,\"caption\":\"Acomputing\"},\"image\":{\"@id\":\"https:\/\/acomputing.eu\/en\/#\/schema\/logo\/image\/\"}}]}<\/script>\n<!-- \/ Yoast SEO plugin. -->","yoast_head_json":{"title":"Financial management &#8211; Acomputing raamatupidamine","description":"Aitame teil koostada arusaadavaid aruandeid ning teostada t\u00f5husaid strateegilisi juhtimisotsuseid. Tuvastame teie ettev\u00f5tte kitsaskohad ja k\u00f5rvaldame need.","robots":{"index":"index","follow":"follow","max-snippet":"max-snippet:-1","max-image-preview":"max-image-preview:large","max-video-preview":"max-video-preview:-1"},"canonical":"https:\/\/acomputing.eu\/en\/financial-management\/","og_locale":"en_US","og_type":"article","og_title":"Financial management &#8211; Acomputing raamatupidamine","og_description":"Aitame teil koostada arusaadavaid aruandeid ning teostada t\u00f5husaid strateegilisi juhtimisotsuseid. Tuvastame teie ettev\u00f5tte kitsaskohad ja k\u00f5rvaldame need.","og_url":"https:\/\/acomputing.eu\/en\/financial-management\/","og_site_name":"Acomputing raamatupidamine","article_modified_time":"2025-07-30T21:36:41+00:00","twitter_card":"summary_large_image","twitter_misc":{"Est. reading time":"1 minute"},"schema":{"@context":"https:\/\/schema.org","@graph":[{"@type":"WebPage","@id":"https:\/\/acomputing.eu\/en\/financial-management\/","url":"https:\/\/acomputing.eu\/en\/financial-management\/","name":"Financial management &#8211; Acomputing raamatupidamine","isPartOf":{"@id":"https:\/\/acomputing.eu\/en\/#website"},"datePublished":"2025-07-28T08:41:21+00:00","dateModified":"2025-07-30T21:36:41+00:00","description":"Aitame teil koostada arusaadavaid aruandeid ning teostada t\u00f5husaid strateegilisi juhtimisotsuseid. Tuvastame teie ettev\u00f5tte kitsaskohad ja k\u00f5rvaldame need.","breadcrumb":{"@id":"https:\/\/acomputing.eu\/en\/financial-management\/#breadcrumb"},"inLanguage":"en-US","potentialAction":[{"@type":"ReadAction","target":["https:\/\/acomputing.eu\/en\/financial-management\/"]}]},{"@type":"BreadcrumbList","@id":"https:\/\/acomputing.eu\/en\/financial-management\/#breadcrumb","itemListElement":[{"@type":"ListItem","position":1,"name":"Home","item":"https:\/\/acomputing.eu\/en\/"},{"@type":"ListItem","position":2,"name":"Financial management"}]},{"@type":"WebSite","@id":"https:\/\/acomputing.eu\/en\/#website","url":"https:\/\/acomputing.eu\/en\/","name":"Acomputing raamatupidamine","description":"Raamatupidamine, palgaarvestus, &auml;rianal&uuml;&uuml;tika","publisher":{"@id":"https:\/\/acomputing.eu\/en\/#organization"},"potentialAction":[{"@type":"SearchAction","target":{"@type":"EntryPoint","urlTemplate":"https:\/\/acomputing.eu\/en\/?s={search_term_string}"},"query-input":{"@type":"PropertyValueSpecification","valueRequired":true,"valueName":"search_term_string"}}],"inLanguage":"en-US"},{"@type":"Organization","@id":"https:\/\/acomputing.eu\/en\/#organization","name":"Acomputing","url":"https:\/\/acomputing.eu\/en\/","logo":{"@type":"ImageObject","inLanguage":"en-US","@id":"https:\/\/acomputing.eu\/en\/#\/schema\/logo\/image\/","url":"https:\/\/acomputing.eu\/wp-content\/uploads\/2020\/03\/cropped-logo3.png","contentUrl":"https:\/\/acomputing.eu\/wp-content\/uploads\/2020\/03\/cropped-logo3.png","width":663,"height":345,"caption":"Acomputing"},"image":{"@id":"https:\/\/acomputing.eu\/en\/#\/schema\/logo\/image\/"}}]}},"_links":{"self":[{"href":"https:\/\/acomputing.eu\/en\/wp-json\/wp\/v2\/pages\/2334","targetHints":{"allow":["GET"]}}],"collection":[{"href":"https:\/\/acomputing.eu\/en\/wp-json\/wp\/v2\/pages"}],"about":[{"href":"https:\/\/acomputing.eu\/en\/wp-json\/wp\/v2\/types\/page"}],"author":[{"embeddable":true,"href":"https:\/\/acomputing.eu\/en\/wp-json\/wp\/v2\/users\/3"}],"replies":[{"embeddable":true,"href":"https:\/\/acomputing.eu\/en\/wp-json\/wp\/v2\/comments?post=2334"}],"version-history":[{"count":3,"href":"https:\/\/acomputing.eu\/en\/wp-json\/wp\/v2\/pages\/2334\/revisions"}],"predecessor-version":[{"id":2428,"href":"https:\/\/acomputing.eu\/en\/wp-json\/wp\/v2\/pages\/2334\/revisions\/2428"}],"wp:attachment":[{"href":"https:\/\/acomputing.eu\/en\/wp-json\/wp\/v2\/media?parent=2334"}],"curies":[{"name":"wp","href":"https:\/\/api.w.org\/{rel}","templated":true}]}}