{"id":766,"date":"2020-03-09T18:45:05","date_gmt":"2020-03-09T16:45:05","guid":{"rendered":"https:\/\/acomputing.eu\/meeskond\/"},"modified":"2020-07-02T14:21:41","modified_gmt":"2020-07-02T12:21:41","slug":"our-team","status":"publish","type":"page","link":"https:\/\/acomputing.eu\/en\/our-team\/","title":{"rendered":"Our team"},"content":{"rendered":"<div data-colibri-id=\"766-c1\" class=\"style-473 style-local-766-c1 position-relative\">\n  <!---->\n  <div data-colibri-component=\"section\" data-colibri-id=\"766-c2\" id=\"team\" class=\"h-section h-section-global-spacing d-flex align-items-lg-center align-items-md-center align-items-center style-474 style-local-766-c2 position-relative\">\n    <!---->\n    <!---->\n    <div class=\"h-section-grid-container h-section-boxed-container\">\n      <div data-colibri-id=\"766-c14\" class=\"h-row-container gutters-row-lg-2 gutters-row-md-2 gutters-row-0 gutters-row-v-lg-2 gutters-row-v-md-2 gutters-row-v-2 style-488 style-local-766-c14 position-relative\">\n        <!---->\n        <div class=\"h-row justify-content-lg-center justify-content-md-center justify-content-center align-items-lg-stretch align-items-md-stretch align-items-stretch gutters-col-lg-2 gutters-col-md-2 gutters-col-0 gutters-col-v-lg-2 gutters-col-v-md-2 gutters-col-v-2\">\n          <!---->\n          <div class=\"h-column h-column-container d-flex h-col-lg-auto h-col-md-auto h-col-auto style-489-outer style-local-766-c15-outer\">\n            <div data-colibri-id=\"766-c15\" class=\"d-flex h-flex-basis h-column__inner h-px-lg-2 h-px-md-2 h-px-2 v-inner-lg-2 v-inner-md-2 v-inner-2 style-489 style-local-766-c15 position-relative\">\n              <!---->\n              <!---->\n              <div class=\"w-100 h-y-container h-column__content h-column__v-align flex-basis-100 align-self-lg-start align-self-md-start align-self-start\">\n                <!---->\n                <div data-colibri-id=\"766-c16\" class=\"h-global-transition-all h-heading style-490 style-local-766-c16 position-relative h-element\">\n                  <!---->\n                  <div class=\"h-heading__outer style-490 style-local-766-c16\">\n                    <!---->\n                    <!---->\n                    <h2 class=\"\">Our team<\/h2>\n                  <\/div>\n                <\/div>\n              <\/div>\n            <\/div>\n          <\/div>\n        <\/div>\n      <\/div>\n      <div data-colibri-id=\"766-c3\" class=\"h-row-container gutters-row-lg-2 gutters-row-md-2 gutters-row-0 gutters-row-v-lg-2 gutters-row-v-md-2 gutters-row-v-2 style-475 style-local-766-c3 position-relative\">\n        <!---->\n        <div class=\"h-row justify-content-lg-center justify-content-md-center justify-content-center align-items-lg-stretch align-items-md-stretch align-items-stretch gutters-col-lg-2 gutters-col-md-2 gutters-col-0 gutters-col-v-lg-2 gutters-col-v-md-2 gutters-col-v-2\">\n          <!---->\n          <div class=\"h-column h-column-container d-flex h-col-lg-auto h-col-md-auto h-col-auto style-476-outer style-local-766-c4-outer\">\n            <div data-colibri-id=\"766-c4\" class=\"d-flex h-flex-basis h-column__inner h-px-lg-0 h-px-md-0 h-px-0 v-inner-lg-0 v-inner-md-0 v-inner-0 style-476 style-local-766-c4 position-relative\">\n              <!---->\n              <!---->\n              <div class=\"w-100 h-y-container h-column__content h-column__v-align flex-basis-auto align-self-lg-start align-self-md-start align-self-start\">\n                <!---->\n                <div data-colibri-id=\"766-c5\" class=\"d-block style-477 style-local-766-c5 position-relative h-element\">\n                  <!---->\n                  <div class=\"h-image__frame-container-outer\">\n                    <div class=\"h-image__frame-container\">\n                      <!---->\n                      <!---->\n                      <img decoding=\"async\" src=\"https:\/\/acomputing.eu\/wp-content\/uploads\/2020\/03\/UserProfileImage.jfif_-150x150.jpg\" class=\"style-477-image style-local-766-c5-image\">\n                      <div class=\"h-image__frame h-hide-lg h-hide-md h-hide-sm style-477-frameImage style-local-766-c5-frameImage\"><\/div>\n                    <\/div>\n                  <\/div>\n                <\/div>\n                <div data-colibri-id=\"766-c6\" class=\"h-global-transition-all h-heading style-478 style-local-766-c6 position-relative h-element\">\n                  <!---->\n                  <div class=\"h-heading__outer style-478 style-local-766-c6\">\n                    <!---->\n                    <!---->\n                    <h4 class=\"\">Aleksei Dudart\u0161uk<\/h4>\n                  <\/div>\n                <\/div>\n                <div data-colibri-id=\"766-c7\" class=\"h-text h-text-component style-479 style-local-766-c7 position-relative h-element\">\n                  <!---->\n                  <!---->\n                  <div class=\"\">\n                    <p>Main accountant \/ CEO<\/p>\n                  <\/div>\n                <\/div>\n                <div data-colibri-id=\"766-c8\" class=\"h-text h-text-component style-480 style-local-766-c8 position-relative h-element\">\n                  <!---->\n                  <!---->\n                  <div class=\"\">\n                    <p>Phone: (+372)&nbsp;5560 3274&nbsp;\n                      <br>E-mail address: aleksei@acomputing.eu\n                      <br>\n                    <\/p>\n                  <\/div>\n                <\/div>\n              <\/div>\n            <\/div>\n          <\/div>\n          <div class=\"h-column h-column-container d-flex h-col-lg-auto h-col-md-auto h-col-auto style-476-outer style-local-766-c9-outer\">\n            <div data-colibri-id=\"766-c9\" class=\"d-flex h-flex-basis h-column__inner h-px-lg-0 h-px-md-0 h-px-0 v-inner-lg-0 v-inner-md-0 v-inner-0 style-476 style-local-766-c9 position-relative\">\n              <!---->\n              <!---->\n              <div class=\"w-100 h-y-container h-column__content h-column__v-align flex-basis-auto align-self-lg-start align-self-md-start align-self-start\">\n                <!---->\n                <div data-colibri-id=\"766-c10\" class=\"d-block style-482 style-local-766-c10 position-relative h-element\">\n                  <!---->\n                  <div class=\"h-image__frame-container-outer\">\n                    <div class=\"h-image__frame-container\">\n                      <!---->\n                      <!---->\n                      <img decoding=\"async\" src=\"https:\/\/acomputing.eu\/wp-content\/uploads\/2020\/03\/cropped-Polish_20200316_194524658-150x150.jpg\" class=\"style-482-image style-local-766-c10-image\">\n                      <div class=\"h-image__frame h-hide-lg h-hide-md h-hide-sm style-482-frameImage style-local-766-c10-frameImage\"><\/div>\n                    <\/div>\n                  <\/div>\n                <\/div>\n                <div data-colibri-id=\"766-c11\" class=\"h-global-transition-all h-heading style-478 style-local-766-c11 position-relative h-element\">\n                  <!---->\n                  <div class=\"h-heading__outer style-478 style-local-766-c11\">\n                    <!---->\n                    <!---->\n                    <h4 class=\"\">Natalia Put\u0161kova<\/h4>\n                  <\/div>\n                <\/div>\n                <div data-colibri-id=\"766-c12\" class=\"h-text h-text-component style-479 style-local-766-c12 position-relative h-element\">\n                  <!---->\n                  <!---->\n                  <div class=\"\">\n                    <p>Accountant<\/p>\n                  <\/div>\n                <\/div>\n                <div data-colibri-id=\"766-c13\" class=\"h-text h-text-component style-480 style-local-766-c13 position-relative h-element\">\n                  <!---->\n                  <!---->\n                  <div class=\"\">\n                    <p>Phone: (+372) 5595 7013\n                      <br>E-mail address: natalia@acomputing.eu\n                      <br>\n                    <\/p>\n                  <\/div>\n                <\/div>\n              <\/div>\n            <\/div>\n          <\/div>\n        <\/div>\n      <\/div>\n    <\/div>\n  <\/div>\n<\/div>","protected":false},"excerpt":{"rendered":"<p>Our team Aleksei Dudart\u0161uk Main accountant \/ CEO Phone: (+372)&nbsp;5560 3274&nbsp; E-mail address: aleksei@acomputing.eu Natalia Put\u0161kova Accountant Phone: (+372) 5595 7013 E-mail address: natalia@acomputing.eu<\/p>\n","protected":false},"author":1,"featured_media":0,"parent":0,"menu_order":0,"comment_status":"closed","ping_status":"closed","template":"page-templates\/full-width-page.php","meta":{"_monsterinsights_skip_tracking":false,"_monsterinsights_sitenote_active":false,"_monsterinsights_sitenote_note":"","_monsterinsights_sitenote_category":0,"footnotes":""},"class_list":["post-766","page","type-page","status-publish","hentry"],"yoast_head":"<!-- This site is optimized with the Yoast SEO plugin v25.5 - https:\/\/yoast.com\/wordpress\/plugins\/seo\/ -->\n<title>Our team &#8211; Acomputing raamatupidamine<\/title>\n<meta name=\"description\" content=\"Meie pikaajalise t\u00f6\u00f6staa\u017eiga meeskonnal on rohkem, kui 10 aastat kogemust. Meie moto on, et h\u00e4sti organiseeritud raamatupidamine tagab rohkem vaba aega.\" \/>\n<meta name=\"robots\" content=\"index, follow, max-snippet:-1, max-image-preview:large, max-video-preview:-1\" \/>\n<link rel=\"canonical\" href=\"https:\/\/acomputing.eu\/en\/our-team\/\" \/>\n<meta property=\"og:locale\" content=\"en_US\" \/>\n<meta property=\"og:type\" content=\"article\" \/>\n<meta property=\"og:title\" content=\"Our team &#8211; Acomputing raamatupidamine\" \/>\n<meta property=\"og:description\" content=\"Meie pikaajalise t\u00f6\u00f6staa\u017eiga meeskonnal on rohkem, kui 10 aastat kogemust. Meie moto on, et h\u00e4sti organiseeritud raamatupidamine tagab rohkem vaba aega.\" \/>\n<meta property=\"og:url\" content=\"https:\/\/acomputing.eu\/en\/our-team\/\" \/>\n<meta property=\"og:site_name\" content=\"Acomputing raamatupidamine\" \/>\n<meta property=\"article:modified_time\" content=\"2020-07-02T12:21:41+00:00\" \/>\n<meta property=\"og:image\" content=\"https:\/\/acomputing.eu\/wp-content\/uploads\/2020\/03\/UserProfileImage.jfif_-150x150.jpg\" \/>\n<meta name=\"twitter:card\" content=\"summary_large_image\" \/>\n<script type=\"application\/ld+json\" class=\"yoast-schema-graph\">{\"@context\":\"https:\/\/schema.org\",\"@graph\":[{\"@type\":\"WebPage\",\"@id\":\"https:\/\/acomputing.eu\/en\/our-team\/\",\"url\":\"https:\/\/acomputing.eu\/en\/our-team\/\",\"name\":\"Our team &#8211; Acomputing raamatupidamine\",\"isPartOf\":{\"@id\":\"https:\/\/acomputing.eu\/en\/#website\"},\"primaryImageOfPage\":{\"@id\":\"https:\/\/acomputing.eu\/en\/our-team\/#primaryimage\"},\"image\":{\"@id\":\"https:\/\/acomputing.eu\/en\/our-team\/#primaryimage\"},\"thumbnailUrl\":\"https:\/\/acomputing.eu\/wp-content\/uploads\/2020\/03\/UserProfileImage.jfif_-150x150.jpg\",\"datePublished\":\"2020-03-09T16:45:05+00:00\",\"dateModified\":\"2020-07-02T12:21:41+00:00\",\"description\":\"Meie pikaajalise t\u00f6\u00f6staa\u017eiga meeskonnal on rohkem, kui 10 aastat kogemust. Meie moto on, et h\u00e4sti organiseeritud raamatupidamine tagab rohkem vaba aega.\",\"breadcrumb\":{\"@id\":\"https:\/\/acomputing.eu\/en\/our-team\/#breadcrumb\"},\"inLanguage\":\"en-US\",\"potentialAction\":[{\"@type\":\"ReadAction\",\"target\":[\"https:\/\/acomputing.eu\/en\/our-team\/\"]}]},{\"@type\":\"ImageObject\",\"inLanguage\":\"en-US\",\"@id\":\"https:\/\/acomputing.eu\/en\/our-team\/#primaryimage\",\"url\":\"https:\/\/acomputing.eu\/wp-content\/uploads\/2020\/03\/UserProfileImage.jfif_-150x150.jpg\",\"contentUrl\":\"https:\/\/acomputing.eu\/wp-content\/uploads\/2020\/03\/UserProfileImage.jfif_-150x150.jpg\"},{\"@type\":\"BreadcrumbList\",\"@id\":\"https:\/\/acomputing.eu\/en\/our-team\/#breadcrumb\",\"itemListElement\":[{\"@type\":\"ListItem\",\"position\":1,\"name\":\"Home\",\"item\":\"https:\/\/acomputing.eu\/en\/\"},{\"@type\":\"ListItem\",\"position\":2,\"name\":\"Our team\"}]},{\"@type\":\"WebSite\",\"@id\":\"https:\/\/acomputing.eu\/en\/#website\",\"url\":\"https:\/\/acomputing.eu\/en\/\",\"name\":\"Acomputing raamatupidamine\",\"description\":\"Raamatupidamine, palgaarvestus, &auml;rianal&uuml;&uuml;tika\",\"publisher\":{\"@id\":\"https:\/\/acomputing.eu\/en\/#organization\"},\"potentialAction\":[{\"@type\":\"SearchAction\",\"target\":{\"@type\":\"EntryPoint\",\"urlTemplate\":\"https:\/\/acomputing.eu\/en\/?s={search_term_string}\"},\"query-input\":{\"@type\":\"PropertyValueSpecification\",\"valueRequired\":true,\"valueName\":\"search_term_string\"}}],\"inLanguage\":\"en-US\"},{\"@type\":\"Organization\",\"@id\":\"https:\/\/acomputing.eu\/en\/#organization\",\"name\":\"Acomputing\",\"url\":\"https:\/\/acomputing.eu\/en\/\",\"logo\":{\"@type\":\"ImageObject\",\"inLanguage\":\"en-US\",\"@id\":\"https:\/\/acomputing.eu\/en\/#\/schema\/logo\/image\/\",\"url\":\"https:\/\/acomputing.eu\/wp-content\/uploads\/2020\/03\/cropped-logo3.png\",\"contentUrl\":\"https:\/\/acomputing.eu\/wp-content\/uploads\/2020\/03\/cropped-logo3.png\",\"width\":663,\"height\":345,\"caption\":\"Acomputing\"},\"image\":{\"@id\":\"https:\/\/acomputing.eu\/en\/#\/schema\/logo\/image\/\"}}]}<\/script>\n<!-- \/ Yoast SEO plugin. -->","yoast_head_json":{"title":"Our team &#8211; Acomputing raamatupidamine","description":"Meie pikaajalise t\u00f6\u00f6staa\u017eiga meeskonnal on rohkem, kui 10 aastat kogemust. Meie moto on, et h\u00e4sti organiseeritud raamatupidamine tagab rohkem vaba aega.","robots":{"index":"index","follow":"follow","max-snippet":"max-snippet:-1","max-image-preview":"max-image-preview:large","max-video-preview":"max-video-preview:-1"},"canonical":"https:\/\/acomputing.eu\/en\/our-team\/","og_locale":"en_US","og_type":"article","og_title":"Our team &#8211; Acomputing raamatupidamine","og_description":"Meie pikaajalise t\u00f6\u00f6staa\u017eiga meeskonnal on rohkem, kui 10 aastat kogemust. Meie moto on, et h\u00e4sti organiseeritud raamatupidamine tagab rohkem vaba aega.","og_url":"https:\/\/acomputing.eu\/en\/our-team\/","og_site_name":"Acomputing raamatupidamine","article_modified_time":"2020-07-02T12:21:41+00:00","og_image":[{"url":"https:\/\/acomputing.eu\/wp-content\/uploads\/2020\/03\/UserProfileImage.jfif_-150x150.jpg","type":"","width":"","height":""}],"twitter_card":"summary_large_image","schema":{"@context":"https:\/\/schema.org","@graph":[{"@type":"WebPage","@id":"https:\/\/acomputing.eu\/en\/our-team\/","url":"https:\/\/acomputing.eu\/en\/our-team\/","name":"Our team &#8211; Acomputing raamatupidamine","isPartOf":{"@id":"https:\/\/acomputing.eu\/en\/#website"},"primaryImageOfPage":{"@id":"https:\/\/acomputing.eu\/en\/our-team\/#primaryimage"},"image":{"@id":"https:\/\/acomputing.eu\/en\/our-team\/#primaryimage"},"thumbnailUrl":"https:\/\/acomputing.eu\/wp-content\/uploads\/2020\/03\/UserProfileImage.jfif_-150x150.jpg","datePublished":"2020-03-09T16:45:05+00:00","dateModified":"2020-07-02T12:21:41+00:00","description":"Meie pikaajalise t\u00f6\u00f6staa\u017eiga meeskonnal on rohkem, kui 10 aastat kogemust. Meie moto on, et h\u00e4sti organiseeritud raamatupidamine tagab rohkem vaba aega.","breadcrumb":{"@id":"https:\/\/acomputing.eu\/en\/our-team\/#breadcrumb"},"inLanguage":"en-US","potentialAction":[{"@type":"ReadAction","target":["https:\/\/acomputing.eu\/en\/our-team\/"]}]},{"@type":"ImageObject","inLanguage":"en-US","@id":"https:\/\/acomputing.eu\/en\/our-team\/#primaryimage","url":"https:\/\/acomputing.eu\/wp-content\/uploads\/2020\/03\/UserProfileImage.jfif_-150x150.jpg","contentUrl":"https:\/\/acomputing.eu\/wp-content\/uploads\/2020\/03\/UserProfileImage.jfif_-150x150.jpg"},{"@type":"BreadcrumbList","@id":"https:\/\/acomputing.eu\/en\/our-team\/#breadcrumb","itemListElement":[{"@type":"ListItem","position":1,"name":"Home","item":"https:\/\/acomputing.eu\/en\/"},{"@type":"ListItem","position":2,"name":"Our team"}]},{"@type":"WebSite","@id":"https:\/\/acomputing.eu\/en\/#website","url":"https:\/\/acomputing.eu\/en\/","name":"Acomputing raamatupidamine","description":"Raamatupidamine, palgaarvestus, &auml;rianal&uuml;&uuml;tika","publisher":{"@id":"https:\/\/acomputing.eu\/en\/#organization"},"potentialAction":[{"@type":"SearchAction","target":{"@type":"EntryPoint","urlTemplate":"https:\/\/acomputing.eu\/en\/?s={search_term_string}"},"query-input":{"@type":"PropertyValueSpecification","valueRequired":true,"valueName":"search_term_string"}}],"inLanguage":"en-US"},{"@type":"Organization","@id":"https:\/\/acomputing.eu\/en\/#organization","name":"Acomputing","url":"https:\/\/acomputing.eu\/en\/","logo":{"@type":"ImageObject","inLanguage":"en-US","@id":"https:\/\/acomputing.eu\/en\/#\/schema\/logo\/image\/","url":"https:\/\/acomputing.eu\/wp-content\/uploads\/2020\/03\/cropped-logo3.png","contentUrl":"https:\/\/acomputing.eu\/wp-content\/uploads\/2020\/03\/cropped-logo3.png","width":663,"height":345,"caption":"Acomputing"},"image":{"@id":"https:\/\/acomputing.eu\/en\/#\/schema\/logo\/image\/"}}]}},"_links":{"self":[{"href":"https:\/\/acomputing.eu\/en\/wp-json\/wp\/v2\/pages\/766","targetHints":{"allow":["GET"]}}],"collection":[{"href":"https:\/\/acomputing.eu\/en\/wp-json\/wp\/v2\/pages"}],"about":[{"href":"https:\/\/acomputing.eu\/en\/wp-json\/wp\/v2\/types\/page"}],"author":[{"embeddable":true,"href":"https:\/\/acomputing.eu\/en\/wp-json\/wp\/v2\/users\/1"}],"replies":[{"embeddable":true,"href":"https:\/\/acomputing.eu\/en\/wp-json\/wp\/v2\/comments?post=766"}],"version-history":[{"count":0,"href":"https:\/\/acomputing.eu\/en\/wp-json\/wp\/v2\/pages\/766\/revisions"}],"wp:attachment":[{"href":"https:\/\/acomputing.eu\/en\/wp-json\/wp\/v2\/media?parent=766"}],"curies":[{"name":"wp","href":"https:\/\/api.w.org\/{rel}","templated":true}]}}