{"id":754,"date":"2020-03-12T17:50:54","date_gmt":"2020-03-12T15:50:54","guid":{"rendered":"https:\/\/acomputing.eu\/kontakt\/"},"modified":"2025-07-27T11:51:04","modified_gmt":"2025-07-27T09:51:04","slug":"%d0%ba%d0%be%d0%bd%d1%82%d0%b0%d0%ba%d1%82","status":"publish","type":"page","link":"https:\/\/acomputing.eu\/ru\/%d0%ba%d0%be%d0%bd%d1%82%d0%b0%d0%ba%d1%82\/","title":{"rendered":"\u041a\u043e\u043d\u0442\u0430\u043a\u0442"},"content":{"rendered":"<div data-colibri-id=\"754-c1\" class=\"style-461 style-local-754-c1 position-relative\">\n  <!---->\n  <div data-colibri-component=\"section\" data-colibri-id=\"754-c2\" id=\"contact\" class=\"h-section h-section-global-spacing d-flex align-items-lg-center align-items-md-center align-items-center style-492 style-local-754-c2 position-relative\">\n    <div class=\"background-wrapper\">\n      <div class=\"background-layer background-layer-media-container-lg\">\n        <!---->\n        <div class=\"overlay-layer\">\n          <div class=\"overlay-image-layer\" style=\"background-color: rgb(23, 37, 42); opacity: 0.5;\"><\/div>\n        <\/div>\n      <\/div>\n      <div class=\"background-layer background-layer-media-container-md\">\n        <!---->\n        <div class=\"overlay-layer\">\n          <div class=\"overlay-image-layer\" style=\"background-color: rgb(23, 37, 42); opacity: 0.5;\"><\/div>\n        <\/div>\n      <\/div>\n      <div class=\"background-layer background-layer-media-container\">\n        <!---->\n        <div class=\"overlay-layer\">\n          <div class=\"overlay-image-layer\" style=\"background-color: rgb(23, 37, 42); opacity: 0.5;\"><\/div>\n        <\/div>\n      <\/div>\n    <\/div>\n    <!---->\n    <div class=\"h-section-grid-container h-section-boxed-container\">\n      <!---->\n      <div data-colibri-id=\"754-c3\" class=\"h-row-container gutters-row-lg-2 gutters-row-md-2 gutters-row-2 gutters-row-v-lg-2 gutters-row-v-md-2 gutters-row-v-2 style-493 style-local-754-c3 position-relative\">\n        <!---->\n        <div class=\"h-row justify-content-lg-center justify-content-md-center justify-content-center align-items-lg-stretch align-items-md-stretch align-items-stretch gutters-col-lg-2 gutters-col-md-2 gutters-col-2 gutters-col-v-lg-2 gutters-col-v-md-2 gutters-col-v-2\">\n          <!---->\n          <div class=\"h-column h-column-container d-flex h-col-lg-auto h-col-md-auto h-col-auto style-494-outer style-local-754-c4-outer\">\n            <div data-colibri-id=\"754-c4\" class=\"d-flex h-flex-basis h-column__inner h-px-lg-0 h-px-md-0 h-px-0 v-inner-lg-0 v-inner-md-0 v-inner-0 style-494 style-local-754-c4 position-relative\">\n              <!---->\n              <!---->\n              <div class=\"w-100 h-y-container h-column__content h-column__v-align flex-basis-100 align-self-lg-start align-self-md-start align-self-start\">\n                <!---->\n                <div data-colibri-id=\"754-c5\" class=\"h-row-container gutters-row-lg-0 gutters-row-md-0 gutters-row-0 gutters-row-v-lg-0 gutters-row-v-md-0 gutters-row-v-0 style-495 style-local-754-c5 position-relative\">\n                  <!---->\n                  <div class=\"h-row justify-content-lg-center justify-content-md-center justify-content-center align-items-lg-stretch align-items-md-stretch align-items-stretch gutters-col-lg-0 gutters-col-md-0 gutters-col-0 gutters-col-v-lg-0 gutters-col-v-md-0 gutters-col-v-0\">\n                    <!---->\n                    <div class=\"h-column h-column-container d-flex h-col-lg-auto h-col-md-auto h-col-auto style-496-outer style-local-754-c6-outer\">\n                      <div data-colibri-id=\"754-c6\" class=\"d-flex h-flex-basis h-column__inner h-px-lg-0 h-px-md-0 h-px-0 v-inner-lg-0 v-inner-md-0 v-inner-0 style-496 style-local-754-c6 position-relative\">\n                        <!---->\n                        <!---->\n                        <div class=\"w-100 h-y-container h-column__content h-column__v-align flex-basis-100 align-self-lg-center align-self-md-center align-self-center\">\n                          <!---->\n                          <div data-colibri-id=\"754-c7\" class=\"h-global-transition-all h-heading style-497 style-local-754-c7 position-relative h-element\">\n                            <!---->\n                            <div class=\"h-heading__outer style-497 style-local-754-c7\">\n                              <!---->\n                              <!---->\n                              <h4 class=\"\">ACOmPUTING o\u00fc<\/h4>\n                            <\/div>\n                          <\/div>\n                          <div data-colibri-id=\"754-c8\" class=\"h-icon style-498 style-local-754-c8 position-relative h-element\">\n                            <!----><span class=\"h-svg-icon h-icon__icon style-498-icon style-local-754-c8-icon\"><!--Icon by Icons8 Line Awesome (https:\/\/icons8.com\/line-awesome)--><svg version=\"1.1\" xmlns=\"http:\/\/www.w3.org\/2000\/svg\" xmlns:xlink=\"http:\/\/www.w3.org\/1999\/xlink\" id=\"binoculars\" viewBox=\"0 0 512 545.5\"><path d=\"M176 112c29.713 0 53.785 20.558 61 48h38c7.215-27.442 31.287-48 61-48 31.48 0 56.644 23.064 62 53 30.428 7.807 56.326 27.65 68 56v.5l.5.5L503 324c5.795 13.502 9 28.423 9 44 0 61.666-50.334 112-112 112-55.546 0-101.847-40.826-110.5-94-8.688 8.553-20.476 14-33.5 14s-24.813-5.447-33.5-14c-8.653 53.174-54.954 94-110.5 94C50.334 480 0 429.666 0 368c0-17.54 4.253-34.19 11.5-49l34-95.5h.5c11.496-31.205 37.775-50.882 68-58.5 5.356-29.936 30.52-53 62-53zm0 32c-19.043 0-32 12.957-32 32v14.5l-14.5 1.5c-24.565 2.586-44.21 17.225-53.5 42v.5L64 267c14.557-6.945 30.852-11 48-11 46.792 0 86.797 29.08 103.5 70 8.577-13.29 23.658-22 40.5-22s31.923 8.71 40.5 22c16.703-40.92 56.708-70 103.5-70 17.38 0 33.794 4.377 48.5 11.5l-12-34c-.14-.34-.354-.662-.5-1-9.246-21.422-29.724-37.997-53.5-40.5l-14.5-1.5V176c0-19.043-12.957-32-32-32s-32 12.957-32 32v16h-96v-16c0-19.043-12.957-32-32-32zm-64 144c-32.328 0-59.852 19.073-72.5 46.5-.28.606-.235 1.387-.5 2-4.2 9.743-7 20.17-7 31.5 0 44.372 35.628 80 80 80s80-35.628 80-80-35.628-80-80-80zm288 0c-44.372 0-80 35.628-80 80s35.628 80 80 80 80-35.628 80-80-35.628-80-80-80zm-144 48c-9.026 0-16 6.974-16 16s6.974 16 16 16 16-6.974 16-16-6.974-16-16-16z\"><\/path><\/svg><\/span><\/div>\n                          <div\n                            data-colibri-id=\"754-c9\" class=\"h-text h-text-component style-526 style-local-754-c9 position-relative h-element\">\n                            <!---->\n                            <!---->\n                            <div class=\"\">\n                              <p><span style=\"color: rgb(255, 255, 255); font-weight: 400; font-size: 16px; font-family: &quot;Open Sans&quot;;\">Valukoja 8\/2 C korpus, 2 korrus,<br>11415 Tallinn, Eesti<\/span><\/p>\n                              <p><strong style=\"color: rgb(255, 255, 255);\">\u0420\u0435\u0433\u0438\u0441\u0442\u0440\u0430\u0446\u0438\u043d\u043d\u044b\u0439 \u043a\u043e\u0434<\/strong><strong style=\"color: rgb(244, 248, 249);\">:&nbsp;<\/strong><span style=\"color: rgb(255, 255, 255); font-family: &quot;Open Sans&quot;; font-size: 16px; font-weight: 600;\">16876796<\/span><\/p>\n                              <p><strong style=\"color: rgb(255, 254, 254);\">\u0422\u0435\u043b\u0435\u0444\u043e\u043d<\/strong><span style=\"color: rgb(255, 255, 255); font-family: &quot;Open Sans&quot;; font-size: 16px; font-weight: 600;\">: (+372) 5560 3274<br><\/span><strong style=\"color: rgb(255, 255, 255);\">\u042d-\u043f\u043e\u0447\u0442a<\/strong>\n                                <span\n                                  style=\"color: rgb(255, 255, 255); font-family: &quot;Open Sans&quot;; font-size: 16px; font-weight: 600;\">: info@acomputing.eu<\/span>\n                              <\/p>\n                            <\/div>\n                        <\/div>\n                      <\/div>\n                    <\/div>\n                  <\/div>\n                  <div class=\"h-column h-column-container d-flex h-col-lg-auto h-col-md-auto h-col-auto style-501-outer style-local-754-c10-outer\">\n                    <div data-colibri-id=\"754-c10\" class=\"d-flex h-flex-basis h-column__inner h-px-lg-0 h-px-md-0 h-px-0 v-inner-lg-0 v-inner-md-0 v-inner-0 style-501 style-local-754-c10 position-relative\">\n                      <!---->\n                      <!---->\n                      <div class=\"w-100 h-y-container h-column__content h-column__v-align flex-basis-100 align-self-lg-center align-self-md-center align-self-center\">\n                        <!---->\n                        <div data-colibri-id=\"754-c11\" class=\"style-502 style-local-754-c11 position-relative h-element\">\n                          <!---->\n                          <div class=\"h-global-transition-all h-global-transition h-global-transition-all h-contact-form-shortcode\">\n<div class=\"wpcf7 no-js\" id=\"wpcf7-f888-o1\" lang=\"et\" dir=\"ltr\" data-wpcf7-id=\"888\">\n<div class=\"screen-reader-response\"><p role=\"status\" aria-live=\"polite\" aria-atomic=\"true\"><\/p> <ul><\/ul><\/div>\n<form action=\"\/ru\/wp-json\/wp\/v2\/pages\/754#wpcf7-f888-o1\" method=\"post\" class=\"wpcf7-form init\" aria-label=\"Contact form\" novalidate=\"novalidate\" data-status=\"init\">\n<fieldset class=\"hidden-fields-container\"><input type=\"hidden\" name=\"_wpcf7\" value=\"888\" \/><input type=\"hidden\" name=\"_wpcf7_version\" value=\"6.1\" \/><input type=\"hidden\" name=\"_wpcf7_locale\" value=\"et\" \/><input type=\"hidden\" name=\"_wpcf7_unit_tag\" value=\"wpcf7-f888-o1\" \/><input type=\"hidden\" name=\"_wpcf7_container_post\" value=\"0\" \/><input type=\"hidden\" name=\"_wpcf7_posted_data_hash\" value=\"\" \/>\n<\/fieldset>\n<p><label> \u0418\u043c\u044f \u0438 \u0444\u0430\u043c\u0438\u043b\u0438\u044f *<br \/>\n<span class=\"wpcf7-form-control-wrap\" data-name=\"your-name\"><input size=\"40\" maxlength=\"400\" class=\"wpcf7-form-control wpcf7-text wpcf7-validates-as-required\" aria-required=\"true\" aria-invalid=\"false\" value=\"\" type=\"text\" name=\"your-name\" \/><\/span> <\/label>\n<\/p>\n<p><label> \u042d-\u043f\u043e\u0447\u0442a *<br \/>\n<span class=\"wpcf7-form-control-wrap\" data-name=\"your-email\"><input size=\"40\" maxlength=\"400\" class=\"wpcf7-form-control wpcf7-email wpcf7-validates-as-required wpcf7-text wpcf7-validates-as-email\" aria-required=\"true\" aria-invalid=\"false\" value=\"\" type=\"email\" name=\"your-email\" \/><\/span> <\/label>\n<\/p>\n<p><label> T\u0435\u043c\u0430<br \/>\n<span class=\"wpcf7-form-control-wrap\" data-name=\"your-subject\"><input size=\"40\" maxlength=\"400\" class=\"wpcf7-form-control wpcf7-text\" aria-invalid=\"false\" value=\"\" type=\"text\" name=\"your-subject\" \/><\/span> <\/label>\n<\/p>\n<p><label> \u0421\u043e\u043e\u0431\u0449\u0435\u043d\u0438\u0435<br \/>\n<span class=\"wpcf7-form-control-wrap\" data-name=\"your-message\"><textarea cols=\"40\" rows=\"10\" maxlength=\"2000\" class=\"wpcf7-form-control wpcf7-textarea\" aria-invalid=\"false\" name=\"your-message\"><\/textarea><\/span> <\/label>\n<\/p>\n<p><input class=\"wpcf7-form-control wpcf7-submit has-spinner\" type=\"submit\" value=\"\u041f\u043e\u0441\u043b\u0430\u0442\u044c\" \/>\n<\/p><div class=\"wpcf7-response-output\" aria-hidden=\"true\"><\/div>\n<\/form>\n<\/div>\n<\/div>\n                        <\/div>\n                      <\/div>\n                    <\/div>\n                  <\/div>\n                <\/div>\n              <\/div>\n            <\/div>\n          <\/div>\n        <\/div>\n      <\/div>\n    <\/div>\n  <\/div>\n<\/div>\n<\/div>","protected":false},"excerpt":{"rendered":"<p>ACOmPUTING o\u00fc Valukoja 8\/2 C korpus, 2 korrus,11415 Tallinn, Eesti \u0420\u0435\u0433\u0438\u0441\u0442\u0440\u0430\u0446\u0438\u043d\u043d\u044b\u0439 \u043a\u043e\u0434:&nbsp;16876796 \u0422\u0435\u043b\u0435\u0444\u043e\u043d: (+372) 5560 3274\u042d-\u043f\u043e\u0447\u0442a : info@acomputing.eu<\/p>\n","protected":false},"author":1,"featured_media":0,"parent":0,"menu_order":0,"comment_status":"closed","ping_status":"closed","template":"page-templates\/full-width-page.php","meta":{"_monsterinsights_skip_tracking":false,"_monsterinsights_sitenote_active":false,"_monsterinsights_sitenote_note":"","_monsterinsights_sitenote_category":0,"footnotes":""},"class_list":["post-754","page","type-page","status-publish","hentry"],"yoast_head":"<!-- This site is optimized with the Yoast SEO plugin v25.5 - https:\/\/yoast.com\/wordpress\/plugins\/seo\/ -->\n<title>\u041a\u043e\u043d\u0442\u0430\u043a\u0442 &#8211; Acomputing raamatupidamine<\/title>\n<meta name=\"description\" content=\"Aitame Teie \u00e4ril areneda! Rohkem, kui 10 aastat kogemust. Pakume finants-, palgaarvestust ja \u00e4rianal\u00fc\u00fcsi. Aitame korraldada asjaajamise paberivabalt.\" \/>\n<meta name=\"robots\" content=\"index, follow, max-snippet:-1, max-image-preview:large, max-video-preview:-1\" \/>\n<link rel=\"canonical\" href=\"https:\/\/acomputing.eu\/ru\/%d0%ba%d0%be%d0%bd%d1%82%d0%b0%d0%ba%d1%82\/\" \/>\n<meta property=\"og:locale\" content=\"ru_RU\" \/>\n<meta property=\"og:type\" content=\"article\" \/>\n<meta property=\"og:title\" content=\"\u041a\u043e\u043d\u0442\u0430\u043a\u0442 &#8211; Acomputing raamatupidamine\" \/>\n<meta property=\"og:description\" content=\"Aitame Teie \u00e4ril areneda! Rohkem, kui 10 aastat kogemust. Pakume finants-, palgaarvestust ja \u00e4rianal\u00fc\u00fcsi. Aitame korraldada asjaajamise paberivabalt.\" \/>\n<meta property=\"og:url\" content=\"https:\/\/acomputing.eu\/ru\/%d0%ba%d0%be%d0%bd%d1%82%d0%b0%d0%ba%d1%82\/\" \/>\n<meta property=\"og:site_name\" content=\"Acomputing raamatupidamine\" \/>\n<meta property=\"article:modified_time\" content=\"2025-07-27T09:51:04+00:00\" \/>\n<meta name=\"twitter:card\" content=\"summary_large_image\" \/>\n<script type=\"application\/ld+json\" class=\"yoast-schema-graph\">{\"@context\":\"https:\/\/schema.org\",\"@graph\":[{\"@type\":\"WebPage\",\"@id\":\"https:\/\/acomputing.eu\/ru\/%d0%ba%d0%be%d0%bd%d1%82%d0%b0%d0%ba%d1%82\/\",\"url\":\"https:\/\/acomputing.eu\/ru\/%d0%ba%d0%be%d0%bd%d1%82%d0%b0%d0%ba%d1%82\/\",\"name\":\"\u041a\u043e\u043d\u0442\u0430\u043a\u0442 &#8211; Acomputing raamatupidamine\",\"isPartOf\":{\"@id\":\"https:\/\/acomputing.eu\/ru\/#website\"},\"datePublished\":\"2020-03-12T15:50:54+00:00\",\"dateModified\":\"2025-07-27T09:51:04+00:00\",\"description\":\"Aitame Teie \u00e4ril areneda! Rohkem, kui 10 aastat kogemust. Pakume finants-, palgaarvestust ja \u00e4rianal\u00fc\u00fcsi. Aitame korraldada asjaajamise paberivabalt.\",\"breadcrumb\":{\"@id\":\"https:\/\/acomputing.eu\/ru\/%d0%ba%d0%be%d0%bd%d1%82%d0%b0%d0%ba%d1%82\/#breadcrumb\"},\"inLanguage\":\"ru-RU\",\"potentialAction\":[{\"@type\":\"ReadAction\",\"target\":[\"https:\/\/acomputing.eu\/ru\/%d0%ba%d0%be%d0%bd%d1%82%d0%b0%d0%ba%d1%82\/\"]}]},{\"@type\":\"BreadcrumbList\",\"@id\":\"https:\/\/acomputing.eu\/ru\/%d0%ba%d0%be%d0%bd%d1%82%d0%b0%d0%ba%d1%82\/#breadcrumb\",\"itemListElement\":[{\"@type\":\"ListItem\",\"position\":1,\"name\":\"Home\",\"item\":\"https:\/\/acomputing.eu\/ru\/\"},{\"@type\":\"ListItem\",\"position\":2,\"name\":\"\u041a\u043e\u043d\u0442\u0430\u043a\u0442\"}]},{\"@type\":\"WebSite\",\"@id\":\"https:\/\/acomputing.eu\/ru\/#website\",\"url\":\"https:\/\/acomputing.eu\/ru\/\",\"name\":\"Acomputing raamatupidamine\",\"description\":\"Raamatupidamine, palgaarvestus, &auml;rianal&uuml;&uuml;tika\",\"publisher\":{\"@id\":\"https:\/\/acomputing.eu\/ru\/#organization\"},\"potentialAction\":[{\"@type\":\"SearchAction\",\"target\":{\"@type\":\"EntryPoint\",\"urlTemplate\":\"https:\/\/acomputing.eu\/ru\/?s={search_term_string}\"},\"query-input\":{\"@type\":\"PropertyValueSpecification\",\"valueRequired\":true,\"valueName\":\"search_term_string\"}}],\"inLanguage\":\"ru-RU\"},{\"@type\":\"Organization\",\"@id\":\"https:\/\/acomputing.eu\/ru\/#organization\",\"name\":\"Acomputing\",\"url\":\"https:\/\/acomputing.eu\/ru\/\",\"logo\":{\"@type\":\"ImageObject\",\"inLanguage\":\"ru-RU\",\"@id\":\"https:\/\/acomputing.eu\/ru\/#\/schema\/logo\/image\/\",\"url\":\"https:\/\/acomputing.eu\/wp-content\/uploads\/2020\/03\/cropped-logo3.png\",\"contentUrl\":\"https:\/\/acomputing.eu\/wp-content\/uploads\/2020\/03\/cropped-logo3.png\",\"width\":663,\"height\":345,\"caption\":\"Acomputing\"},\"image\":{\"@id\":\"https:\/\/acomputing.eu\/ru\/#\/schema\/logo\/image\/\"}}]}<\/script>\n<!-- \/ Yoast SEO plugin. -->","yoast_head_json":{"title":"\u041a\u043e\u043d\u0442\u0430\u043a\u0442 &#8211; Acomputing raamatupidamine","description":"Aitame Teie \u00e4ril areneda! Rohkem, kui 10 aastat kogemust. Pakume finants-, palgaarvestust ja \u00e4rianal\u00fc\u00fcsi. Aitame korraldada asjaajamise paberivabalt.","robots":{"index":"index","follow":"follow","max-snippet":"max-snippet:-1","max-image-preview":"max-image-preview:large","max-video-preview":"max-video-preview:-1"},"canonical":"https:\/\/acomputing.eu\/ru\/%d0%ba%d0%be%d0%bd%d1%82%d0%b0%d0%ba%d1%82\/","og_locale":"ru_RU","og_type":"article","og_title":"\u041a\u043e\u043d\u0442\u0430\u043a\u0442 &#8211; Acomputing raamatupidamine","og_description":"Aitame Teie \u00e4ril areneda! Rohkem, kui 10 aastat kogemust. Pakume finants-, palgaarvestust ja \u00e4rianal\u00fc\u00fcsi. Aitame korraldada asjaajamise paberivabalt.","og_url":"https:\/\/acomputing.eu\/ru\/%d0%ba%d0%be%d0%bd%d1%82%d0%b0%d0%ba%d1%82\/","og_site_name":"Acomputing raamatupidamine","article_modified_time":"2025-07-27T09:51:04+00:00","twitter_card":"summary_large_image","schema":{"@context":"https:\/\/schema.org","@graph":[{"@type":"WebPage","@id":"https:\/\/acomputing.eu\/ru\/%d0%ba%d0%be%d0%bd%d1%82%d0%b0%d0%ba%d1%82\/","url":"https:\/\/acomputing.eu\/ru\/%d0%ba%d0%be%d0%bd%d1%82%d0%b0%d0%ba%d1%82\/","name":"\u041a\u043e\u043d\u0442\u0430\u043a\u0442 &#8211; Acomputing raamatupidamine","isPartOf":{"@id":"https:\/\/acomputing.eu\/ru\/#website"},"datePublished":"2020-03-12T15:50:54+00:00","dateModified":"2025-07-27T09:51:04+00:00","description":"Aitame Teie \u00e4ril areneda! Rohkem, kui 10 aastat kogemust. Pakume finants-, palgaarvestust ja \u00e4rianal\u00fc\u00fcsi. Aitame korraldada asjaajamise paberivabalt.","breadcrumb":{"@id":"https:\/\/acomputing.eu\/ru\/%d0%ba%d0%be%d0%bd%d1%82%d0%b0%d0%ba%d1%82\/#breadcrumb"},"inLanguage":"ru-RU","potentialAction":[{"@type":"ReadAction","target":["https:\/\/acomputing.eu\/ru\/%d0%ba%d0%be%d0%bd%d1%82%d0%b0%d0%ba%d1%82\/"]}]},{"@type":"BreadcrumbList","@id":"https:\/\/acomputing.eu\/ru\/%d0%ba%d0%be%d0%bd%d1%82%d0%b0%d0%ba%d1%82\/#breadcrumb","itemListElement":[{"@type":"ListItem","position":1,"name":"Home","item":"https:\/\/acomputing.eu\/ru\/"},{"@type":"ListItem","position":2,"name":"\u041a\u043e\u043d\u0442\u0430\u043a\u0442"}]},{"@type":"WebSite","@id":"https:\/\/acomputing.eu\/ru\/#website","url":"https:\/\/acomputing.eu\/ru\/","name":"Acomputing raamatupidamine","description":"Raamatupidamine, palgaarvestus, &auml;rianal&uuml;&uuml;tika","publisher":{"@id":"https:\/\/acomputing.eu\/ru\/#organization"},"potentialAction":[{"@type":"SearchAction","target":{"@type":"EntryPoint","urlTemplate":"https:\/\/acomputing.eu\/ru\/?s={search_term_string}"},"query-input":{"@type":"PropertyValueSpecification","valueRequired":true,"valueName":"search_term_string"}}],"inLanguage":"ru-RU"},{"@type":"Organization","@id":"https:\/\/acomputing.eu\/ru\/#organization","name":"Acomputing","url":"https:\/\/acomputing.eu\/ru\/","logo":{"@type":"ImageObject","inLanguage":"ru-RU","@id":"https:\/\/acomputing.eu\/ru\/#\/schema\/logo\/image\/","url":"https:\/\/acomputing.eu\/wp-content\/uploads\/2020\/03\/cropped-logo3.png","contentUrl":"https:\/\/acomputing.eu\/wp-content\/uploads\/2020\/03\/cropped-logo3.png","width":663,"height":345,"caption":"Acomputing"},"image":{"@id":"https:\/\/acomputing.eu\/ru\/#\/schema\/logo\/image\/"}}]}},"_links":{"self":[{"href":"https:\/\/acomputing.eu\/ru\/wp-json\/wp\/v2\/pages\/754","targetHints":{"allow":["GET"]}}],"collection":[{"href":"https:\/\/acomputing.eu\/ru\/wp-json\/wp\/v2\/pages"}],"about":[{"href":"https:\/\/acomputing.eu\/ru\/wp-json\/wp\/v2\/types\/page"}],"author":[{"embeddable":true,"href":"https:\/\/acomputing.eu\/ru\/wp-json\/wp\/v2\/users\/1"}],"replies":[{"embeddable":true,"href":"https:\/\/acomputing.eu\/ru\/wp-json\/wp\/v2\/comments?post=754"}],"version-history":[{"count":3,"href":"https:\/\/acomputing.eu\/ru\/wp-json\/wp\/v2\/pages\/754\/revisions"}],"predecessor-version":[{"id":2242,"href":"https:\/\/acomputing.eu\/ru\/wp-json\/wp\/v2\/pages\/754\/revisions\/2242"}],"wp:attachment":[{"href":"https:\/\/acomputing.eu\/ru\/wp-json\/wp\/v2\/media?parent=754"}],"curies":[{"name":"wp","href":"https:\/\/api.w.org\/{rel}","templated":true}]}}