{"id":768,"date":"2020-03-09T18:45:05","date_gmt":"2020-03-09T16:45:05","guid":{"rendered":"https:\/\/acomputing.eu\/meeskond\/"},"modified":"2020-07-02T14:50:03","modified_gmt":"2020-07-02T12:50:03","slug":"%d0%bd%d0%b0%d1%88%d0%b0-%d0%ba%d0%be%d0%bc%d0%b0%d0%bd%d0%b4%d0%b0","status":"publish","type":"page","link":"https:\/\/acomputing.eu\/ru\/%d0%bd%d0%b0%d1%88%d0%b0-%d0%ba%d0%be%d0%bc%d0%b0%d0%bd%d0%b4%d0%b0\/","title":{"rendered":"\u041d\u0430\u0448\u0430 \u043a\u043e\u043c\u0430\u043d\u0434\u0430"},"content":{"rendered":"<div data-colibri-id=\"768-c1\" class=\"style-473 style-local-768-c1 position-relative\">\r\n  <!---->\r\n  <div data-colibri-component=\"section\" data-colibri-id=\"768-c2\" id=\"team\" class=\"h-section h-section-global-spacing d-flex align-items-lg-center align-items-md-center align-items-center style-474 style-local-768-c2 position-relative\">\r\n    <!---->\r\n    <!---->\r\n    <div class=\"h-section-grid-container h-section-boxed-container\">\r\n      <div data-colibri-id=\"768-c14\" class=\"h-row-container gutters-row-lg-2 gutters-row-md-2 gutters-row-0 gutters-row-v-lg-2 gutters-row-v-md-2 gutters-row-v-2 style-488 style-local-768-c14 position-relative\">\r\n        <!---->\r\n        <div class=\"h-row justify-content-lg-center justify-content-md-center justify-content-center align-items-lg-stretch align-items-md-stretch align-items-stretch gutters-col-lg-2 gutters-col-md-2 gutters-col-0 gutters-col-v-lg-2 gutters-col-v-md-2 gutters-col-v-2\">\r\n          <!---->\r\n          <div class=\"h-column h-column-container d-flex h-col-lg-auto h-col-md-auto h-col-auto style-489-outer style-local-768-c15-outer\">\r\n            <div data-colibri-id=\"768-c15\" class=\"d-flex h-flex-basis h-column__inner h-px-lg-2 h-px-md-2 h-px-2 v-inner-lg-2 v-inner-md-2 v-inner-2 style-489 style-local-768-c15 position-relative\">\r\n              <!---->\r\n              <!---->\r\n              <div class=\"w-100 h-y-container h-column__content h-column__v-align flex-basis-100 align-self-lg-start align-self-md-start align-self-start\">\r\n                <!---->\r\n                <div data-colibri-id=\"768-c16\" class=\"h-global-transition-all h-heading style-490 style-local-768-c16 position-relative h-element\">\r\n                  <!---->\r\n                  <div class=\"h-heading__outer style-490 style-local-768-c16\">\r\n                    <!---->\r\n                    <!---->\r\n                    <h2 class=\"\">\u041d\u0430\u0448\u0430 \u043a\u043e\u043c\u0430\u043d\u0434\u0430<\/h2>\r\n                  <\/div>\r\n                <\/div>\r\n              <\/div>\r\n            <\/div>\r\n          <\/div>\r\n        <\/div>\r\n      <\/div>\r\n      <div data-colibri-id=\"768-c3\" class=\"h-row-container gutters-row-lg-2 gutters-row-md-2 gutters-row-0 gutters-row-v-lg-2 gutters-row-v-md-2 gutters-row-v-2 style-475 style-local-768-c3 position-relative\">\r\n        <!---->\r\n        <div class=\"h-row justify-content-lg-center justify-content-md-center justify-content-center align-items-lg-stretch align-items-md-stretch align-items-stretch gutters-col-lg-2 gutters-col-md-2 gutters-col-0 gutters-col-v-lg-2 gutters-col-v-md-2 gutters-col-v-2\">\r\n          <!---->\r\n          <div class=\"h-column h-column-container d-flex h-col-lg-auto h-col-md-auto h-col-auto style-476-outer style-local-768-c4-outer\">\r\n            <div data-colibri-id=\"768-c4\" class=\"d-flex h-flex-basis h-column__inner h-px-lg-0 h-px-md-0 h-px-0 v-inner-lg-0 v-inner-md-0 v-inner-0 style-476 style-local-768-c4 position-relative\">\r\n              <!---->\r\n              <!---->\r\n              <div class=\"w-100 h-y-container h-column__content h-column__v-align flex-basis-auto align-self-lg-start align-self-md-start align-self-start\">\r\n                <!---->\r\n                <div data-colibri-id=\"768-c5\" class=\"d-block style-477 style-local-768-c5 position-relative h-element\">\r\n                  <!---->\r\n                  <div class=\"h-image__frame-container-outer\">\r\n                    <div class=\"h-image__frame-container\">\r\n                      <!---->\r\n                      <!---->\r\n                      <img decoding=\"async\" src=\"https:\/\/acomputing.eu\/wp-content\/uploads\/2020\/03\/UserProfileImage.jfif_-150x150.jpg\" class=\"style-477-image style-local-768-c5-image\">\r\n                      <div class=\"h-image__frame h-hide-lg h-hide-md h-hide-sm style-477-frameImage style-local-768-c5-frameImage\"><\/div>\r\n                    <\/div>\r\n                  <\/div>\r\n                <\/div>\r\n                <div data-colibri-id=\"768-c6\" class=\"h-global-transition-all h-heading style-478 style-local-768-c6 position-relative h-element\">\r\n                  <!---->\r\n                  <div class=\"h-heading__outer style-478 style-local-768-c6\">\r\n                    <!---->\r\n                    <!---->\r\n                    <h4 class=\"\">Aleksei Dudart\u0161uk<\/h4>\r\n                  <\/div>\r\n                <\/div>\r\n                <div data-colibri-id=\"768-c7\" class=\"h-text h-text-component style-479 style-local-768-c7 position-relative h-element\">\r\n                  <!---->\r\n                  <!---->\r\n                  <div class=\"\">\r\n                    <p>\u0411\u0443\u0445\u0433\u0430\u043b\u0442\u0435\u0440 \/ \u0413\u0435\u043d\u0435\u0440\u0430\u043b\u044c\u043d\u044b\u0439 \u0434\u0438\u0440\u0435\u043a\u0442\u043e\u0440<\/p>\r\n                  <\/div>\r\n                <\/div>\r\n                <div data-colibri-id=\"768-c8\" class=\"h-text h-text-component style-480 style-local-768-c8 position-relative h-element\">\r\n                  <!---->\r\n                  <!---->\r\n                  <div class=\"\">\r\n                    <p>\u0422\u0435\u043b\u0435\u0444\u043e\u043d: (+372)&nbsp;5560 3274&nbsp;\r\n                      <br>\u042d-\u043f\u043e\u0447\u0442a: aleksei@acomputing.eu\r\n                      <br>\r\n                    <\/p>\r\n                  <\/div>\r\n                <\/div>\r\n              <\/div>\r\n            <\/div>\r\n          <\/div>\r\n          <div class=\"h-column h-column-container d-flex h-col-lg-auto h-col-md-auto h-col-auto style-476-outer style-local-768-c9-outer\">\r\n            <div data-colibri-id=\"768-c9\" class=\"d-flex h-flex-basis h-column__inner h-px-lg-0 h-px-md-0 h-px-0 v-inner-lg-0 v-inner-md-0 v-inner-0 style-476 style-local-768-c9 position-relative\">\r\n              <!---->\r\n              <!---->\r\n              <div class=\"w-100 h-y-container h-column__content h-column__v-align flex-basis-auto align-self-lg-start align-self-md-start align-self-start\">\r\n                <!---->\r\n                <div data-colibri-id=\"768-c10\" class=\"d-block style-482 style-local-768-c10 position-relative h-element\">\r\n                  <!---->\r\n                  <div class=\"h-image__frame-container-outer\">\r\n                    <div class=\"h-image__frame-container\">\r\n                      <!---->\r\n                      <!---->\r\n                      <img decoding=\"async\" src=\"https:\/\/acomputing.eu\/wp-content\/uploads\/2020\/03\/cropped-Polish_20200316_194524658-150x150.jpg\" class=\"style-482-image style-local-768-c10-image\">\r\n                      <div class=\"h-image__frame h-hide-lg h-hide-md h-hide-sm style-482-frameImage style-local-768-c10-frameImage\"><\/div>\r\n                    <\/div>\r\n                  <\/div>\r\n                <\/div>\r\n                <div data-colibri-id=\"768-c11\" class=\"h-global-transition-all h-heading style-478 style-local-768-c11 position-relative h-element\">\r\n                  <!---->\r\n                  <div class=\"h-heading__outer style-478 style-local-768-c11\">\r\n                    <!---->\r\n                    <!---->\r\n                    <h4 class=\"\">Natalia Put\u0161kova<\/h4>\r\n                  <\/div>\r\n                <\/div>\r\n                <div data-colibri-id=\"768-c12\" class=\"h-text h-text-component style-479 style-local-768-c12 position-relative h-element\">\r\n                  <!---->\r\n                  <!---->\r\n                  <div class=\"\">\r\n                    <p>\u0411\u0443\u0445\u0433\u0430\u043b\u0442\u0435\u0440<\/p>\r\n                  <\/div>\r\n                <\/div>\r\n                <div data-colibri-id=\"768-c13\" class=\"h-text h-text-component style-480 style-local-768-c13 position-relative h-element\">\r\n                  <!---->\r\n                  <!---->\r\n                  <div class=\"\">\r\n                    <p>\u0422\u0435\u043b\u0435\u0444\u043e\u043d: (+372) 5595 7013\r\n                      <br>\u042d-\u043f\u043e\u0447\u0442a: natalia@acomputing.eu\r\n                      <br>\r\n                    <\/p>\r\n                  <\/div>\r\n                <\/div>\r\n              <\/div>\r\n            <\/div>\r\n          <\/div>\r\n        <\/div>\r\n      <\/div>\r\n    <\/div>\r\n  <\/div>\r\n<\/div>","protected":false},"excerpt":{"rendered":"<p>\u041d\u0430\u0448\u0430 \u043a\u043e\u043c\u0430\u043d\u0434\u0430 Aleksei Dudart\u0161uk \u0411\u0443\u0445\u0433\u0430\u043b\u0442\u0435\u0440 \/ \u0413\u0435\u043d\u0435\u0440\u0430\u043b\u044c\u043d\u044b\u0439 \u0434\u0438\u0440\u0435\u043a\u0442\u043e\u0440 \u0422\u0435\u043b\u0435\u0444\u043e\u043d: (+372)&nbsp;5560 3274&nbsp; \u042d-\u043f\u043e\u0447\u0442a: aleksei@acomputing.eu Natalia Put\u0161kova \u0411\u0443\u0445\u0433\u0430\u043b\u0442\u0435\u0440 \u0422\u0435\u043b\u0435\u0444\u043e\u043d: (+372) 5595 7013 \u042d-\u043f\u043e\u0447\u0442a: natalia@acomputing.eu<\/p>\n","protected":false},"author":1,"featured_media":0,"parent":0,"menu_order":0,"comment_status":"closed","ping_status":"closed","template":"page-templates\/full-width-page.php","meta":{"_monsterinsights_skip_tracking":false,"_monsterinsights_sitenote_active":false,"_monsterinsights_sitenote_note":"","_monsterinsights_sitenote_category":0,"footnotes":""},"class_list":["post-768","page","type-page","status-publish","hentry"],"yoast_head":"<!-- This site is optimized with the Yoast SEO plugin v25.5 - https:\/\/yoast.com\/wordpress\/plugins\/seo\/ -->\n<title>\u041d\u0430\u0448\u0430 \u043a\u043e\u043c\u0430\u043d\u0434\u0430 &#8211; Acomputing raamatupidamine<\/title>\n<meta name=\"description\" content=\"Meie pikaajalise t\u00f6\u00f6staa\u017eiga meeskonnal on rohkem, kui 10 aastat kogemust. Meie moto on, et h\u00e4sti organiseeritud raamatupidamine tagab rohkem vaba aega.\" \/>\n<meta name=\"robots\" content=\"index, follow, max-snippet:-1, max-image-preview:large, max-video-preview:-1\" \/>\n<link rel=\"canonical\" href=\"https:\/\/acomputing.eu\/ru\/%d0%bd%d0%b0%d1%88%d0%b0-%d0%ba%d0%be%d0%bc%d0%b0%d0%bd%d0%b4%d0%b0\/\" \/>\n<meta property=\"og:locale\" content=\"ru_RU\" \/>\n<meta property=\"og:type\" content=\"article\" \/>\n<meta property=\"og:title\" content=\"\u041d\u0430\u0448\u0430 \u043a\u043e\u043c\u0430\u043d\u0434\u0430 &#8211; Acomputing raamatupidamine\" \/>\n<meta property=\"og:description\" content=\"Meie pikaajalise t\u00f6\u00f6staa\u017eiga meeskonnal on rohkem, kui 10 aastat kogemust. Meie moto on, et h\u00e4sti organiseeritud raamatupidamine tagab rohkem vaba aega.\" \/>\n<meta property=\"og:url\" content=\"https:\/\/acomputing.eu\/ru\/%d0%bd%d0%b0%d1%88%d0%b0-%d0%ba%d0%be%d0%bc%d0%b0%d0%bd%d0%b4%d0%b0\/\" \/>\n<meta property=\"og:site_name\" content=\"Acomputing raamatupidamine\" \/>\n<meta property=\"article:modified_time\" content=\"2020-07-02T12:50:03+00:00\" \/>\n<meta property=\"og:image\" content=\"https:\/\/acomputing.eu\/wp-content\/uploads\/2020\/03\/UserProfileImage.jfif_-150x150.jpg\" \/>\n<meta name=\"twitter:card\" content=\"summary_large_image\" \/>\n<script type=\"application\/ld+json\" class=\"yoast-schema-graph\">{\"@context\":\"https:\/\/schema.org\",\"@graph\":[{\"@type\":\"WebPage\",\"@id\":\"https:\/\/acomputing.eu\/ru\/%d0%bd%d0%b0%d1%88%d0%b0-%d0%ba%d0%be%d0%bc%d0%b0%d0%bd%d0%b4%d0%b0\/\",\"url\":\"https:\/\/acomputing.eu\/ru\/%d0%bd%d0%b0%d1%88%d0%b0-%d0%ba%d0%be%d0%bc%d0%b0%d0%bd%d0%b4%d0%b0\/\",\"name\":\"\u041d\u0430\u0448\u0430 \u043a\u043e\u043c\u0430\u043d\u0434\u0430 &#8211; Acomputing raamatupidamine\",\"isPartOf\":{\"@id\":\"https:\/\/acomputing.eu\/ru\/#website\"},\"primaryImageOfPage\":{\"@id\":\"https:\/\/acomputing.eu\/ru\/%d0%bd%d0%b0%d1%88%d0%b0-%d0%ba%d0%be%d0%bc%d0%b0%d0%bd%d0%b4%d0%b0\/#primaryimage\"},\"image\":{\"@id\":\"https:\/\/acomputing.eu\/ru\/%d0%bd%d0%b0%d1%88%d0%b0-%d0%ba%d0%be%d0%bc%d0%b0%d0%bd%d0%b4%d0%b0\/#primaryimage\"},\"thumbnailUrl\":\"https:\/\/acomputing.eu\/wp-content\/uploads\/2020\/03\/UserProfileImage.jfif_-150x150.jpg\",\"datePublished\":\"2020-03-09T16:45:05+00:00\",\"dateModified\":\"2020-07-02T12:50:03+00:00\",\"description\":\"Meie pikaajalise t\u00f6\u00f6staa\u017eiga meeskonnal on rohkem, kui 10 aastat kogemust. Meie moto on, et h\u00e4sti organiseeritud raamatupidamine tagab rohkem vaba aega.\",\"breadcrumb\":{\"@id\":\"https:\/\/acomputing.eu\/ru\/%d0%bd%d0%b0%d1%88%d0%b0-%d0%ba%d0%be%d0%bc%d0%b0%d0%bd%d0%b4%d0%b0\/#breadcrumb\"},\"inLanguage\":\"ru-RU\",\"potentialAction\":[{\"@type\":\"ReadAction\",\"target\":[\"https:\/\/acomputing.eu\/ru\/%d0%bd%d0%b0%d1%88%d0%b0-%d0%ba%d0%be%d0%bc%d0%b0%d0%bd%d0%b4%d0%b0\/\"]}]},{\"@type\":\"ImageObject\",\"inLanguage\":\"ru-RU\",\"@id\":\"https:\/\/acomputing.eu\/ru\/%d0%bd%d0%b0%d1%88%d0%b0-%d0%ba%d0%be%d0%bc%d0%b0%d0%bd%d0%b4%d0%b0\/#primaryimage\",\"url\":\"https:\/\/acomputing.eu\/wp-content\/uploads\/2020\/03\/UserProfileImage.jfif_-150x150.jpg\",\"contentUrl\":\"https:\/\/acomputing.eu\/wp-content\/uploads\/2020\/03\/UserProfileImage.jfif_-150x150.jpg\"},{\"@type\":\"BreadcrumbList\",\"@id\":\"https:\/\/acomputing.eu\/ru\/%d0%bd%d0%b0%d1%88%d0%b0-%d0%ba%d0%be%d0%bc%d0%b0%d0%bd%d0%b4%d0%b0\/#breadcrumb\",\"itemListElement\":[{\"@type\":\"ListItem\",\"position\":1,\"name\":\"Home\",\"item\":\"https:\/\/acomputing.eu\/ru\/\"},{\"@type\":\"ListItem\",\"position\":2,\"name\":\"\u041d\u0430\u0448\u0430 \u043a\u043e\u043c\u0430\u043d\u0434\u0430\"}]},{\"@type\":\"WebSite\",\"@id\":\"https:\/\/acomputing.eu\/ru\/#website\",\"url\":\"https:\/\/acomputing.eu\/ru\/\",\"name\":\"Acomputing raamatupidamine\",\"description\":\"Raamatupidamine, palgaarvestus, &auml;rianal&uuml;&uuml;tika\",\"publisher\":{\"@id\":\"https:\/\/acomputing.eu\/ru\/#organization\"},\"potentialAction\":[{\"@type\":\"SearchAction\",\"target\":{\"@type\":\"EntryPoint\",\"urlTemplate\":\"https:\/\/acomputing.eu\/ru\/?s={search_term_string}\"},\"query-input\":{\"@type\":\"PropertyValueSpecification\",\"valueRequired\":true,\"valueName\":\"search_term_string\"}}],\"inLanguage\":\"ru-RU\"},{\"@type\":\"Organization\",\"@id\":\"https:\/\/acomputing.eu\/ru\/#organization\",\"name\":\"Acomputing\",\"url\":\"https:\/\/acomputing.eu\/ru\/\",\"logo\":{\"@type\":\"ImageObject\",\"inLanguage\":\"ru-RU\",\"@id\":\"https:\/\/acomputing.eu\/ru\/#\/schema\/logo\/image\/\",\"url\":\"https:\/\/acomputing.eu\/wp-content\/uploads\/2020\/03\/cropped-logo3.png\",\"contentUrl\":\"https:\/\/acomputing.eu\/wp-content\/uploads\/2020\/03\/cropped-logo3.png\",\"width\":663,\"height\":345,\"caption\":\"Acomputing\"},\"image\":{\"@id\":\"https:\/\/acomputing.eu\/ru\/#\/schema\/logo\/image\/\"}}]}<\/script>\n<!-- \/ Yoast SEO plugin. -->","yoast_head_json":{"title":"\u041d\u0430\u0448\u0430 \u043a\u043e\u043c\u0430\u043d\u0434\u0430 &#8211; Acomputing raamatupidamine","description":"Meie pikaajalise t\u00f6\u00f6staa\u017eiga meeskonnal on rohkem, kui 10 aastat kogemust. Meie moto on, et h\u00e4sti organiseeritud raamatupidamine tagab rohkem vaba aega.","robots":{"index":"index","follow":"follow","max-snippet":"max-snippet:-1","max-image-preview":"max-image-preview:large","max-video-preview":"max-video-preview:-1"},"canonical":"https:\/\/acomputing.eu\/ru\/%d0%bd%d0%b0%d1%88%d0%b0-%d0%ba%d0%be%d0%bc%d0%b0%d0%bd%d0%b4%d0%b0\/","og_locale":"ru_RU","og_type":"article","og_title":"\u041d\u0430\u0448\u0430 \u043a\u043e\u043c\u0430\u043d\u0434\u0430 &#8211; Acomputing raamatupidamine","og_description":"Meie pikaajalise t\u00f6\u00f6staa\u017eiga meeskonnal on rohkem, kui 10 aastat kogemust. Meie moto on, et h\u00e4sti organiseeritud raamatupidamine tagab rohkem vaba aega.","og_url":"https:\/\/acomputing.eu\/ru\/%d0%bd%d0%b0%d1%88%d0%b0-%d0%ba%d0%be%d0%bc%d0%b0%d0%bd%d0%b4%d0%b0\/","og_site_name":"Acomputing raamatupidamine","article_modified_time":"2020-07-02T12:50:03+00:00","og_image":[{"url":"https:\/\/acomputing.eu\/wp-content\/uploads\/2020\/03\/UserProfileImage.jfif_-150x150.jpg","type":"","width":"","height":""}],"twitter_card":"summary_large_image","schema":{"@context":"https:\/\/schema.org","@graph":[{"@type":"WebPage","@id":"https:\/\/acomputing.eu\/ru\/%d0%bd%d0%b0%d1%88%d0%b0-%d0%ba%d0%be%d0%bc%d0%b0%d0%bd%d0%b4%d0%b0\/","url":"https:\/\/acomputing.eu\/ru\/%d0%bd%d0%b0%d1%88%d0%b0-%d0%ba%d0%be%d0%bc%d0%b0%d0%bd%d0%b4%d0%b0\/","name":"\u041d\u0430\u0448\u0430 \u043a\u043e\u043c\u0430\u043d\u0434\u0430 &#8211; Acomputing raamatupidamine","isPartOf":{"@id":"https:\/\/acomputing.eu\/ru\/#website"},"primaryImageOfPage":{"@id":"https:\/\/acomputing.eu\/ru\/%d0%bd%d0%b0%d1%88%d0%b0-%d0%ba%d0%be%d0%bc%d0%b0%d0%bd%d0%b4%d0%b0\/#primaryimage"},"image":{"@id":"https:\/\/acomputing.eu\/ru\/%d0%bd%d0%b0%d1%88%d0%b0-%d0%ba%d0%be%d0%bc%d0%b0%d0%bd%d0%b4%d0%b0\/#primaryimage"},"thumbnailUrl":"https:\/\/acomputing.eu\/wp-content\/uploads\/2020\/03\/UserProfileImage.jfif_-150x150.jpg","datePublished":"2020-03-09T16:45:05+00:00","dateModified":"2020-07-02T12:50:03+00:00","description":"Meie pikaajalise t\u00f6\u00f6staa\u017eiga meeskonnal on rohkem, kui 10 aastat kogemust. Meie moto on, et h\u00e4sti organiseeritud raamatupidamine tagab rohkem vaba aega.","breadcrumb":{"@id":"https:\/\/acomputing.eu\/ru\/%d0%bd%d0%b0%d1%88%d0%b0-%d0%ba%d0%be%d0%bc%d0%b0%d0%bd%d0%b4%d0%b0\/#breadcrumb"},"inLanguage":"ru-RU","potentialAction":[{"@type":"ReadAction","target":["https:\/\/acomputing.eu\/ru\/%d0%bd%d0%b0%d1%88%d0%b0-%d0%ba%d0%be%d0%bc%d0%b0%d0%bd%d0%b4%d0%b0\/"]}]},{"@type":"ImageObject","inLanguage":"ru-RU","@id":"https:\/\/acomputing.eu\/ru\/%d0%bd%d0%b0%d1%88%d0%b0-%d0%ba%d0%be%d0%bc%d0%b0%d0%bd%d0%b4%d0%b0\/#primaryimage","url":"https:\/\/acomputing.eu\/wp-content\/uploads\/2020\/03\/UserProfileImage.jfif_-150x150.jpg","contentUrl":"https:\/\/acomputing.eu\/wp-content\/uploads\/2020\/03\/UserProfileImage.jfif_-150x150.jpg"},{"@type":"BreadcrumbList","@id":"https:\/\/acomputing.eu\/ru\/%d0%bd%d0%b0%d1%88%d0%b0-%d0%ba%d0%be%d0%bc%d0%b0%d0%bd%d0%b4%d0%b0\/#breadcrumb","itemListElement":[{"@type":"ListItem","position":1,"name":"Home","item":"https:\/\/acomputing.eu\/ru\/"},{"@type":"ListItem","position":2,"name":"\u041d\u0430\u0448\u0430 \u043a\u043e\u043c\u0430\u043d\u0434\u0430"}]},{"@type":"WebSite","@id":"https:\/\/acomputing.eu\/ru\/#website","url":"https:\/\/acomputing.eu\/ru\/","name":"Acomputing raamatupidamine","description":"Raamatupidamine, palgaarvestus, &auml;rianal&uuml;&uuml;tika","publisher":{"@id":"https:\/\/acomputing.eu\/ru\/#organization"},"potentialAction":[{"@type":"SearchAction","target":{"@type":"EntryPoint","urlTemplate":"https:\/\/acomputing.eu\/ru\/?s={search_term_string}"},"query-input":{"@type":"PropertyValueSpecification","valueRequired":true,"valueName":"search_term_string"}}],"inLanguage":"ru-RU"},{"@type":"Organization","@id":"https:\/\/acomputing.eu\/ru\/#organization","name":"Acomputing","url":"https:\/\/acomputing.eu\/ru\/","logo":{"@type":"ImageObject","inLanguage":"ru-RU","@id":"https:\/\/acomputing.eu\/ru\/#\/schema\/logo\/image\/","url":"https:\/\/acomputing.eu\/wp-content\/uploads\/2020\/03\/cropped-logo3.png","contentUrl":"https:\/\/acomputing.eu\/wp-content\/uploads\/2020\/03\/cropped-logo3.png","width":663,"height":345,"caption":"Acomputing"},"image":{"@id":"https:\/\/acomputing.eu\/ru\/#\/schema\/logo\/image\/"}}]}},"_links":{"self":[{"href":"https:\/\/acomputing.eu\/ru\/wp-json\/wp\/v2\/pages\/768","targetHints":{"allow":["GET"]}}],"collection":[{"href":"https:\/\/acomputing.eu\/ru\/wp-json\/wp\/v2\/pages"}],"about":[{"href":"https:\/\/acomputing.eu\/ru\/wp-json\/wp\/v2\/types\/page"}],"author":[{"embeddable":true,"href":"https:\/\/acomputing.eu\/ru\/wp-json\/wp\/v2\/users\/1"}],"replies":[{"embeddable":true,"href":"https:\/\/acomputing.eu\/ru\/wp-json\/wp\/v2\/comments?post=768"}],"version-history":[{"count":0,"href":"https:\/\/acomputing.eu\/ru\/wp-json\/wp\/v2\/pages\/768\/revisions"}],"wp:attachment":[{"href":"https:\/\/acomputing.eu\/ru\/wp-json\/wp\/v2\/media?parent=768"}],"curies":[{"name":"wp","href":"https:\/\/api.w.org\/{rel}","templated":true}]}}